{"id":2,"date":"2024-04-10T12:00:26","date_gmt":"2024-04-10T12:00:26","guid":{"rendered":"https:\/\/urboowfb.com\/?page_id=2"},"modified":"2025-07-28T14:51:36","modified_gmt":"2025-07-28T14:51:36","slug":"aviso-legal","status":"publish","type":"page","link":"https:\/\/urbooweyewear.com\/en\/aviso-legal\/","title":{"rendered":"Legal notice"},"content":{"rendered":"<div data-elementor-type=\"wp-page\" data-elementor-id=\"2\" class=\"elementor elementor-2\" data-elementor-post-type=\"page\">\n\t\t\t\t<div class=\"elementor-element elementor-element-1205acba e-flex e-con-boxed e-con e-parent\" data-id=\"1205acba\" data-element_type=\"container\" data-e-type=\"container\">\n\t\t\t\t\t<div class=\"e-con-inner\">\n\t\t\t\t<div class=\"elementor-element elementor-element-6cd1bf54 elementor-widget elementor-widget-text-editor\" data-id=\"6cd1bf54\" data-element_type=\"widget\" data-e-type=\"widget\" data-widget_type=\"text-editor.default\">\n\t\t\t\t<div class=\"elementor-widget-container\">\n\t\t\t\t\t\t\t\t\t\n<h2>Condi\u00e7\u00f5es de utiliza\u00e7\u00e3o<\/h2>\n<p>O acesso e a utiliza\u00e7\u00e3o do site www.urbooweyewear.com (o \u201cSite\u201d) est\u00e3o sujeito \u00e0 aceita\u00e7\u00e3o, por parte do utilizador, das seguintes condi\u00e7\u00f5es (as \u201cCondi\u00e7\u00f5es\u201d) e \u00e0s respetivas leis aplic\u00e1veis. Ao aceder e consultar o Site, o utilizador aceita, sem quaisquer limita\u00e7\u00f5es ou reservas, as Condi\u00e7\u00f5es especificadas de seguida. A qualquer momento que as Condi\u00e7\u00f5es n\u00e3o sejam aceites o utilizador \u00e9 convidado a n\u00e3o utilizar o Site.<\/p>\n<p>O site \u00e9 propriedade de\u00a0<strong>Urboow Fashionable Eyewear<\/strong>, com sede em Zona Industrial da Adi\u00e7a Lt5, 3460-321Mouraz, Tondela, NIF 515930105, Registo na CRC Tondela n.\u00ba 515930105, C.S. \u20ac 5.000 i.v.<\/p>\n<p>A aquisi\u00e7\u00e3o de produtos no Site \u00e9 regulada pelos Termos e Condi\u00e7\u00f5es de Venda que ser\u00e3o apresentadas ao utilizador durante a fase de compra. Para qualquer esclarecimento pode contactar a\u00a0<strong>Urboow Fashionable Eyewear\u00a0<\/strong>atrav\u00e9s dos contactos indicados na sec\u00e7\u00e3o Contactos e (Chat) do Site.<\/p>\n<h3>Limita\u00e7\u00f5es ao uso de conte\u00fados e de informa\u00e7\u00f5es publicadas no Site<\/h3>\n<p>Todas as informa\u00e7\u00f5es e conte\u00fados publicados no Site est\u00e3o protegidos por direitos de autor ou outros direitos de propriedade intelectual e, salvo indica\u00e7\u00e3o em contr\u00e1rio, n\u00e3o podem ser utilizados, nem totalmente nem parcialmente, nem serem copiados, reproduzidos, transferidos, publicados ou distribu\u00eddos de qualquer forma sem o consentimento pr\u00e9vio por escrito da\u00a0<strong>Urboow Fashionable Eyewear<\/strong>. O utilizador poder\u00e1 descarregar e\/ou imprimir as informa\u00e7\u00f5es exclusivamente para uso pessoal e n\u00e3o para fins comerciais. Em qualquer caso, o utilizador n\u00e3o pode distribuir, modificar, transmitir, reutilizar, enviar ou utilizar as Informa\u00e7\u00f5es, incluindo textos, imagens, conte\u00fados nem mesmo os softwares eventualmente presentes no Site, para efeitos publicit\u00e1rios ou comerciais sem a pr\u00e9via autoriza\u00e7\u00e3o escrita da\u00a0<strong>Urboow Fashionable Eyewear<\/strong>.<\/p>\n<p>\u00a0As marcas comerciais, os log\u00f3tipos e qualquer outro s\u00edmbolo distintivo que apare\u00e7a no Site s\u00e3o propriedade da\u00a0<strong>Urboow Fashionable Eyewear\u00a0<\/strong>ou dos seus parceiros comerciais, e n\u00e3o podem ser utilizados de modo algum ou em qualquer meio sem o expresso consentimento por escrito da\u00a0<strong>Urboow Fashionable Eyewear<\/strong>. Em espec\u00edfico, a denomina\u00e7\u00e3o \u201c<strong>Urboow Fashionable Eyewear<\/strong>\u201d assim como qualquer outro s\u00edmbolo distintivo que contenha a marca \u201c<strong>Urboow Fashionable Eyewear<\/strong>\u201d, n\u00e3o podem em algum caso ser utilizados como nome de dom\u00ednio ou parte de um, para sites de terceiros, sem o consentimento por escrito da\u00a0<strong>Urboow Fashionable Eyewear<\/strong>.<\/p>\n<p>A qualquer momento que constate uma viola\u00e7\u00e3o dos direitos de propriedade intelectual por favor envie uma mensagem para a\u00a0<strong>Urboow Fashionable Eyewear\u00a0<\/strong>atrav\u00e9s do seguinte endere\u00e7o de email: geral@urbooweyewear.com.<\/p>\n<h3>Limita\u00e7\u00f5es de responsabilidade<\/h3>\n<p>A\u00a0<strong>Urboow Fashionable Eyewear\u00a0<\/strong>far\u00e1 o poss\u00edvel para publicar informa\u00e7\u00f5es precisas e atualizadas no Site. Todavia n\u00e3o \u00e9 poss\u00edvel dar qualquer garantia que o uso das informa\u00e7\u00f5es n\u00e3o violem direitos de terceiros, nem que estejam isentas de erros, inexatid\u00f5es, incompletas e desatualizadas. Em nenhum caso a\u00a0<strong>Urboow Fashionable Eyewear\u00a0<\/strong>poder\u00e1 ser de algum modo responsabilizada por qualquer consequ\u00eancia negativa, dano ou perda, decorrentes ou relacionados com o uso do Site ou das Informa\u00e7\u00f5es.<\/p>\n<h3>Sites, links e conte\u00fados de terceiros<\/h3>\n<p>A\u00a0<strong>Urboow Fashionable Eyewear\u00a0<\/strong>n\u00e3o pode controlar o conte\u00fado de sites de terceiros e de p\u00e1ginas externas \u00e0s quais o site possa estar de alguma forma ligado, e n\u00e3o assume qualquer responsabilidade pelos materiais e informa\u00e7\u00f5es contidos em tais sites a respeito dos quais a\u00a0<strong>Urboow Fashionable Eyewear\u00a0<\/strong>tenha qualquer liga\u00e7\u00e3o a partir do pr\u00f3prio site. O redireccionamento a p\u00e1ginas externas ao Site \u00e9 da exclusiva responsabilidade do utilizador. A liga\u00e7\u00e3o atrav\u00e9s de links a outros sites n\u00e3o implica de algum modo que a\u00a0<strong>Urboow Fashionable Eyewear\u00a0<\/strong>tenha rela\u00e7\u00f5es de colabora\u00e7\u00e3o ou afilia\u00e7\u00e3o com os terceiros titulares destes sites.<\/p>\n<h3>Informa\u00e7\u00f5es enviadas pelos utilizadores<\/h3>\n<p>Qualquer informa\u00e7\u00e3o, conte\u00fado ou material enviado para o site (incluindo os ficheiros carregados, datas, perguntas, coment\u00e1rios, sugest\u00f5es ou outros) ser\u00e3o sempre considerados confidenciais. O utilizador garante que isenta a\u00a0<strong>Urboow Fashionable Eyewear\u00a0<\/strong>de qualquer a\u00e7\u00e3o, pedido, reclama\u00e7\u00e3o, ou perguntas avan\u00e7adas por terceiros em rela\u00e7\u00e3o \u00e0 utiliza\u00e7\u00e3o de tais materiais.<\/p>\n<h3>Registo dos utilizadores<\/h3>\n<p>Cada utilizador poder\u00e1 registar-se no Site, inserindo os pr\u00f3prios dados no formul\u00e1rio de registo, a qualquer momento que deseje proceder \u00e0 aquisi\u00e7\u00e3o dos produtos vendidos atrav\u00e9s do Site. O utilizador garante \u00e0\u00a0<strong>Urboow Fashionable Eyewear\u00a0<\/strong>que as informa\u00e7\u00f5es fornecidas para o registo s\u00e3o atualizadas, verdadeiras e corretas, e compromete-se de notificar cada altera\u00e7\u00e3o de dados relativos ao seu registo. A notifica\u00e7\u00e3o deve ser realizada atrav\u00e9s da modifica\u00e7\u00e3o dos dados na sua pr\u00f3pria conta. Nos casos em que a\u00a0<strong>Urboow Fashionable Eyewear\u00a0<\/strong>suspeitar que as informa\u00e7\u00f5es n\u00e3o est\u00e3o corretas, ou se por qualquer outro motivo grave considere tal medida necess\u00e1ria, poder\u00e1 negar o acesso ao Site ou suspender a conta do utilizador.\u00a0<\/p>\n\t\t\t\t\t\t\t\t<\/div>\n\t\t\t\t<\/div>\n\t\t\t\t\t<\/div>\n\t\t\t\t<\/div>\n\t\t\t\t<\/div>","protected":false},"excerpt":{"rendered":"<p>Condi\u00e7\u00f5es de utiliza\u00e7\u00e3o O acesso e a utiliza\u00e7\u00e3o do site www.urbooweyewear.com (o \u201cSite\u201d) est\u00e3o sujeito \u00e0 aceita\u00e7\u00e3o, por parte do utilizador, das seguintes condi\u00e7\u00f5es (as \u201cCondi\u00e7\u00f5es\u201d) e \u00e0s respetivas leis aplic\u00e1veis. Ao aceder e consultar o Site, o utilizador aceita, sem quaisquer limita\u00e7\u00f5es ou reservas, as Condi\u00e7\u00f5es especificadas de seguida. A qualquer momento que as&#8230;<\/p>","protected":false},"author":1,"featured_media":0,"parent":0,"menu_order":0,"comment_status":"closed","ping_status":"closed","template":"","meta":{"_bst_post_transparent":"","_bst_post_title":"","_bst_post_layout":"","_bst_post_sidebar_id":"","_bst_post_content_style":"","_bst_post_vertical_padding":"","_bst_post_feature":"","_bst_post_feature_position":"","_bst_post_header":false,"_bst_post_footer":false,"footnotes":""},"class_list":["post-2","page","type-page","status-publish","hentry"],"yoast_head":"<!-- This site is optimized with the Yoast SEO plugin v27.1.1 - https:\/\/yoast.com\/product\/yoast-seo-wordpress\/ -->\n<title>Aviso Legal - Urboow Eyewear<\/title>\n<meta name=\"robots\" content=\"index, follow, max-snippet:-1, max-image-preview:large, max-video-preview:-1\" \/>\n<link rel=\"canonical\" href=\"https:\/\/urbooweyewear.com\/en\/aviso-legal\/\" \/>\n<meta property=\"og:locale\" content=\"en_GB\" \/>\n<meta property=\"og:type\" content=\"article\" \/>\n<meta property=\"og:title\" content=\"Aviso Legal - Urboow Eyewear\" \/>\n<meta property=\"og:description\" content=\"Condi\u00e7\u00f5es de utiliza\u00e7\u00e3o O acesso e a utiliza\u00e7\u00e3o do site www.urbooweyewear.com (o \u201cSite\u201d) est\u00e3o sujeito \u00e0 aceita\u00e7\u00e3o, por parte do utilizador, das seguintes condi\u00e7\u00f5es (as \u201cCondi\u00e7\u00f5es\u201d) e \u00e0s respetivas leis aplic\u00e1veis. Ao aceder e consultar o Site, o utilizador aceita, sem quaisquer limita\u00e7\u00f5es ou reservas, as Condi\u00e7\u00f5es especificadas de seguida. A qualquer momento que as...\" \/>\n<meta property=\"og:url\" content=\"https:\/\/urbooweyewear.com\/en\/aviso-legal\/\" \/>\n<meta property=\"og:site_name\" content=\"Urboow Eyewear\" \/>\n<meta property=\"article:publisher\" content=\"https:\/\/www.facebook.com\/Urboow.Eyewear\/\" \/>\n<meta property=\"article:modified_time\" content=\"2025-07-28T14:51:36+00:00\" \/>\n<meta name=\"twitter:card\" content=\"summary_large_image\" \/>\n<meta name=\"twitter:label1\" content=\"Estimated reading time\" \/>\n\t<meta name=\"twitter:data1\" content=\"5 minutes\" \/>\n<script type=\"application\/ld+json\" class=\"yoast-schema-graph\">{\"@context\":\"https:\/\/schema.org\",\"@graph\":[{\"@type\":\"WebPage\",\"@id\":\"https:\/\/urbooweyewear.com\/aviso-legal\/\",\"url\":\"https:\/\/urbooweyewear.com\/aviso-legal\/\",\"name\":\"Aviso Legal - Urboow Eyewear\",\"isPartOf\":{\"@id\":\"https:\/\/urbooweyewear.com\/#website\"},\"datePublished\":\"2024-04-10T12:00:26+00:00\",\"dateModified\":\"2025-07-28T14:51:36+00:00\",\"breadcrumb\":{\"@id\":\"https:\/\/urbooweyewear.com\/aviso-legal\/#breadcrumb\"},\"inLanguage\":\"en-GB\",\"potentialAction\":[{\"@type\":\"ReadAction\",\"target\":[\"https:\/\/urbooweyewear.com\/aviso-legal\/\"]}]},{\"@type\":\"BreadcrumbList\",\"@id\":\"https:\/\/urbooweyewear.com\/aviso-legal\/#breadcrumb\",\"itemListElement\":[{\"@type\":\"ListItem\",\"position\":1,\"name\":\"In\u00edcio\",\"item\":\"https:\/\/urbooweyewear.com\/\"},{\"@type\":\"ListItem\",\"position\":2,\"name\":\"Aviso Legal\"}]},{\"@type\":\"WebSite\",\"@id\":\"https:\/\/urbooweyewear.com\/#website\",\"url\":\"https:\/\/urbooweyewear.com\/\",\"name\":\"Urboow Eyewear\",\"description\":\"Urboow Eyewear - \u00d3culos de Sol\",\"publisher\":{\"@id\":\"https:\/\/urbooweyewear.com\/#organization\"},\"alternateName\":\"Urboow Eyewear\",\"potentialAction\":[{\"@type\":\"SearchAction\",\"target\":{\"@type\":\"EntryPoint\",\"urlTemplate\":\"https:\/\/urbooweyewear.com\/?s={search_term_string}\"},\"query-input\":{\"@type\":\"PropertyValueSpecification\",\"valueRequired\":true,\"valueName\":\"search_term_string\"}}],\"inLanguage\":\"en-GB\"},{\"@type\":\"Organization\",\"@id\":\"https:\/\/urbooweyewear.com\/#organization\",\"name\":\"Urboow Eyewear\",\"alternateName\":\"Urboow Eyewear\",\"url\":\"https:\/\/urbooweyewear.com\/\",\"logo\":{\"@type\":\"ImageObject\",\"inLanguage\":\"en-GB\",\"@id\":\"https:\/\/urbooweyewear.com\/#\/schema\/logo\/image\/\",\"url\":\"https:\/\/urbooweyewear.com\/wp-content\/uploads\/2025\/04\/LOGOTIPO-FINAL-2025-PRETO.svg\",\"contentUrl\":\"https:\/\/urbooweyewear.com\/wp-content\/uploads\/2025\/04\/LOGOTIPO-FINAL-2025-PRETO.svg\",\"width\":841,\"height\":595,\"caption\":\"Urboow Eyewear\"},\"image\":{\"@id\":\"https:\/\/urbooweyewear.com\/#\/schema\/logo\/image\/\"},\"sameAs\":[\"https:\/\/www.facebook.com\/Urboow.Eyewear\/\",\"https:\/\/www.instagram.com\/urboow.eyewear\/\"]}]}<\/script>\n<!-- \/ Yoast SEO plugin. -->","yoast_head_json":{"title":"Aviso Legal - Urboow Eyewear","robots":{"index":"index","follow":"follow","max-snippet":"max-snippet:-1","max-image-preview":"max-image-preview:large","max-video-preview":"max-video-preview:-1"},"canonical":"https:\/\/urbooweyewear.com\/en\/aviso-legal\/","og_locale":"en_GB","og_type":"article","og_title":"Aviso Legal - Urboow Eyewear","og_description":"Condi\u00e7\u00f5es de utiliza\u00e7\u00e3o O acesso e a utiliza\u00e7\u00e3o do site www.urbooweyewear.com (o \u201cSite\u201d) est\u00e3o sujeito \u00e0 aceita\u00e7\u00e3o, por parte do utilizador, das seguintes condi\u00e7\u00f5es (as \u201cCondi\u00e7\u00f5es\u201d) e \u00e0s respetivas leis aplic\u00e1veis. Ao aceder e consultar o Site, o utilizador aceita, sem quaisquer limita\u00e7\u00f5es ou reservas, as Condi\u00e7\u00f5es especificadas de seguida. A qualquer momento que as...","og_url":"https:\/\/urbooweyewear.com\/en\/aviso-legal\/","og_site_name":"Urboow Eyewear","article_publisher":"https:\/\/www.facebook.com\/Urboow.Eyewear\/","article_modified_time":"2025-07-28T14:51:36+00:00","twitter_card":"summary_large_image","twitter_misc":{"Estimated reading time":"5 minutes"},"schema":{"@context":"https:\/\/schema.org","@graph":[{"@type":"WebPage","@id":"https:\/\/urbooweyewear.com\/aviso-legal\/","url":"https:\/\/urbooweyewear.com\/aviso-legal\/","name":"Aviso Legal - Urboow Eyewear","isPartOf":{"@id":"https:\/\/urbooweyewear.com\/#website"},"datePublished":"2024-04-10T12:00:26+00:00","dateModified":"2025-07-28T14:51:36+00:00","breadcrumb":{"@id":"https:\/\/urbooweyewear.com\/aviso-legal\/#breadcrumb"},"inLanguage":"en-GB","potentialAction":[{"@type":"ReadAction","target":["https:\/\/urbooweyewear.com\/aviso-legal\/"]}]},{"@type":"BreadcrumbList","@id":"https:\/\/urbooweyewear.com\/aviso-legal\/#breadcrumb","itemListElement":[{"@type":"ListItem","position":1,"name":"In\u00edcio","item":"https:\/\/urbooweyewear.com\/"},{"@type":"ListItem","position":2,"name":"Aviso Legal"}]},{"@type":"WebSite","@id":"https:\/\/urbooweyewear.com\/#website","url":"https:\/\/urbooweyewear.com\/","name":"Urboow Eyewear","description":"Urboow Eyewear - \u00d3culos de Sol","publisher":{"@id":"https:\/\/urbooweyewear.com\/#organization"},"alternateName":"Urboow Eyewear","potentialAction":[{"@type":"SearchAction","target":{"@type":"EntryPoint","urlTemplate":"https:\/\/urbooweyewear.com\/?s={search_term_string}"},"query-input":{"@type":"PropertyValueSpecification","valueRequired":true,"valueName":"search_term_string"}}],"inLanguage":"en-GB"},{"@type":"Organization","@id":"https:\/\/urbooweyewear.com\/#organization","name":"Urboow Eyewear","alternateName":"Urboow Eyewear","url":"https:\/\/urbooweyewear.com\/","logo":{"@type":"ImageObject","inLanguage":"en-GB","@id":"https:\/\/urbooweyewear.com\/#\/schema\/logo\/image\/","url":"https:\/\/urbooweyewear.com\/wp-content\/uploads\/2025\/04\/LOGOTIPO-FINAL-2025-PRETO.svg","contentUrl":"https:\/\/urbooweyewear.com\/wp-content\/uploads\/2025\/04\/LOGOTIPO-FINAL-2025-PRETO.svg","width":841,"height":595,"caption":"Urboow Eyewear"},"image":{"@id":"https:\/\/urbooweyewear.com\/#\/schema\/logo\/image\/"},"sameAs":["https:\/\/www.facebook.com\/Urboow.Eyewear\/","https:\/\/www.instagram.com\/urboow.eyewear\/"]}]}},"jetpack_sharing_enabled":true,"_links":{"self":[{"href":"https:\/\/urbooweyewear.com\/en\/wp-json\/wp\/v2\/pages\/2","targetHints":{"allow":["GET"]}}],"collection":[{"href":"https:\/\/urbooweyewear.com\/en\/wp-json\/wp\/v2\/pages"}],"about":[{"href":"https:\/\/urbooweyewear.com\/en\/wp-json\/wp\/v2\/types\/page"}],"author":[{"embeddable":true,"href":"https:\/\/urbooweyewear.com\/en\/wp-json\/wp\/v2\/users\/1"}],"replies":[{"embeddable":true,"href":"https:\/\/urbooweyewear.com\/en\/wp-json\/wp\/v2\/comments?post=2"}],"version-history":[{"count":5,"href":"https:\/\/urbooweyewear.com\/en\/wp-json\/wp\/v2\/pages\/2\/revisions"}],"predecessor-version":[{"id":3327,"href":"https:\/\/urbooweyewear.com\/en\/wp-json\/wp\/v2\/pages\/2\/revisions\/3327"}],"wp:attachment":[{"href":"https:\/\/urbooweyewear.com\/en\/wp-json\/wp\/v2\/media?parent=2"}],"curies":[{"name":"wp","href":"https:\/\/api.w.org\/{rel}","templated":true}]}}