{"id":4414,"date":"2026-05-11T10:43:52","date_gmt":"2026-05-11T09:43:52","guid":{"rendered":"https:\/\/urbooweyewear.com\/?page_id=4414"},"modified":"2026-05-11T11:01:27","modified_gmt":"2026-05-11T10:01:27","slug":"envios-devolucoes","status":"publish","type":"page","link":"https:\/\/urbooweyewear.com\/en\/envios-devolucoes\/","title":{"rendered":"Envios &amp; Devolu\u00e7\u00f5es"},"content":{"rendered":"<h2 class=\"wp-block-heading\">Envios<\/h2>\n\n\n\n<p>As encomendas s\u00e3o processadas ap\u00f3s confirma\u00e7\u00e3o de pagamento.<\/p>\n\n\n\n<h5 class=\"wp-block-heading\"><strong>Prazos de entrega:<\/strong><\/h5>\n\n\n\n<ul class=\"wp-block-list\">\n<li>Portugal Continental: 3 dias \u00fateis<\/li>\n<\/ul>\n\n\n\n<p>De forma geral, as encomendas s\u00e3o entregues em <strong>3 dias \u00fateis<\/strong>\u00a0ap\u00f3s confirma\u00e7\u00e3o de pagamento.<\/p>\n\n\n\n<p>As encomendas s\u00e3o enviadas pela transportadora <strong>GLS<\/strong>.<\/p>\n\n\n\n<p>Os prazos de entrega s\u00e3o <strong>estimados<\/strong> e podem variar consoante a disponibilidade de <strong>stock<\/strong> e <strong>localiza\u00e7\u00e3o<\/strong> do cliente.<\/p>\n\n\n\n<p>Os prazos podem variar em per\u00edodos promocionais ou por motivos alheios \u00e0 nossa responsabilidade.<\/p>\n\n\n\n<h5 class=\"wp-block-heading\"><strong>Custos de envio:<\/strong><\/h5>\n\n\n\n<p>Os custos de envio s\u00e3o calculados no checkout, antes da finaliza\u00e7\u00e3o da compra.<\/p>\n\n\n\n<h2 class=\"wp-block-heading\">Devolu\u00e7\u00f5es<\/h2>\n\n\n\n<p>Nos termos da legisla\u00e7\u00e3o em vigor, o cliente disp\u00f5e de um prazo de&nbsp;<strong>14 dias<\/strong>&nbsp;ap\u00f3s a rece\u00e7\u00e3o da encomenda para exercer o direito de livre resolu\u00e7\u00e3o.<\/p>\n\n\n\n<h5 class=\"wp-block-heading\">Para efetuar uma&nbsp;<strong>devolu\u00e7\u00e3o<\/strong>, deve:<\/h5>\n\n\n\n<ol start=\"1\" class=\"wp-block-list\">\n<li>Contactar-nos atrav\u00e9s do email:\u00a0<a href=\"mailto:geral@urbooweyewear.com\">geral@urbooweyewear.com<\/a><\/li>\n\n\n\n<li>Indicar o\u00a0<strong>n\u00famero<\/strong>\u00a0da encomenda<\/li>\n\n\n\n<li>Aguardar instru\u00e7\u00f5es<\/li>\n<\/ol>\n\n\n\n<h5 class=\"wp-block-heading\"><strong>Condi\u00e7\u00f5es de devolu\u00e7\u00e3o:<\/strong><\/h5>\n\n\n\n<ul class=\"wp-block-list\">\n<li>O produto deve estar em perfeito estado<\/li>\n\n\n\n<li>Sem sinais de uso<\/li>\n\n\n\n<li>Na embalagem original<\/li>\n<\/ul>\n\n\n\n<h5 class=\"wp-block-heading\"><strong>Custos de devolu\u00e7\u00e3o:<\/strong><\/h5>\n\n\n\n<p>Salvo indica\u00e7\u00e3o em contr\u00e1rio, os custos de devolu\u00e7\u00e3o s\u00e3o suportados pelo cliente.<\/p>\n\n\n\n<p>O reembolso ser\u00e1 efetuado ap\u00f3s a rece\u00e7\u00e3o e verifica\u00e7\u00e3o do produto.\u00a0<\/p>\n\n\n\n<h2 class=\"wp-block-heading\">Precisa de mais ajuda?<\/h2>\n\n\n\n<p>Contacte-nos atrav\u00e9s do n\u00famero\u00a0<strong>232 817 614<\/strong>\u00a0ou envie-nos um email para\u00a0<strong>geral@urbooweyewear.com<\/strong>\u00a0com o assunto em quest\u00e3o.<\/p>\n\n\n\n<p><\/p>","protected":false},"excerpt":{"rendered":"<p>Envios As encomendas s\u00e3o processadas ap\u00f3s confirma\u00e7\u00e3o de pagamento. Prazos de entrega: De forma geral, as encomendas s\u00e3o entregues em 3 dias \u00fateis\u00a0ap\u00f3s confirma\u00e7\u00e3o de pagamento. As encomendas s\u00e3o enviadas pela transportadora GLS. Os prazos de entrega s\u00e3o estimados e podem variar consoante a disponibilidade de stock e localiza\u00e7\u00e3o do cliente. Os prazos podem variar&#8230;<\/p>","protected":false},"author":1,"featured_media":0,"parent":0,"menu_order":0,"comment_status":"closed","ping_status":"closed","template":"","meta":{"_bst_post_transparent":"","_bst_post_title":"","_bst_post_layout":"","_bst_post_sidebar_id":"","_bst_post_content_style":"","_bst_post_vertical_padding":"","_bst_post_feature":"","_bst_post_feature_position":"","_bst_post_header":false,"_bst_post_footer":false,"footnotes":""},"class_list":["post-4414","page","type-page","status-publish","hentry"],"yoast_head":"<!-- This site is optimized with the Yoast SEO plugin v27.1.1 - https:\/\/yoast.com\/product\/yoast-seo-wordpress\/ -->\n<title>Envios &amp; Devolu\u00e7\u00f5es - Urboow Eyewear<\/title>\n<meta name=\"robots\" content=\"index, follow, max-snippet:-1, max-image-preview:large, max-video-preview:-1\" \/>\n<link rel=\"canonical\" href=\"https:\/\/urbooweyewear.com\/en\/envios-devolucoes\/\" \/>\n<meta property=\"og:locale\" content=\"en_GB\" \/>\n<meta property=\"og:type\" content=\"article\" \/>\n<meta property=\"og:title\" content=\"Envios &amp; Devolu\u00e7\u00f5es - Urboow Eyewear\" \/>\n<meta property=\"og:description\" content=\"Envios As encomendas s\u00e3o processadas ap\u00f3s confirma\u00e7\u00e3o de pagamento. Prazos de entrega: De forma geral, as encomendas s\u00e3o entregues em 3 dias \u00fateis\u00a0ap\u00f3s confirma\u00e7\u00e3o de pagamento. As encomendas s\u00e3o enviadas pela transportadora GLS. Os prazos de entrega s\u00e3o estimados e podem variar consoante a disponibilidade de stock e localiza\u00e7\u00e3o do cliente. Os prazos podem variar...\" \/>\n<meta property=\"og:url\" content=\"https:\/\/urbooweyewear.com\/en\/envios-devolucoes\/\" \/>\n<meta property=\"og:site_name\" content=\"Urboow Eyewear\" \/>\n<meta property=\"article:publisher\" content=\"https:\/\/www.facebook.com\/Urboow.Eyewear\/\" \/>\n<meta property=\"article:modified_time\" content=\"2026-05-11T10:01:27+00:00\" \/>\n<meta name=\"twitter:card\" content=\"summary_large_image\" \/>\n<meta name=\"twitter:label1\" content=\"Estimated reading time\" \/>\n\t<meta name=\"twitter:data1\" content=\"2 minutes\" \/>\n<script type=\"application\/ld+json\" class=\"yoast-schema-graph\">{\"@context\":\"https:\/\/schema.org\",\"@graph\":[{\"@type\":\"WebPage\",\"@id\":\"https:\/\/urbooweyewear.com\/envios-devolucoes\/\",\"url\":\"https:\/\/urbooweyewear.com\/envios-devolucoes\/\",\"name\":\"Envios &amp; Devolu\u00e7\u00f5es - Urboow Eyewear\",\"isPartOf\":{\"@id\":\"https:\/\/urbooweyewear.com\/#website\"},\"datePublished\":\"2026-05-11T09:43:52+00:00\",\"dateModified\":\"2026-05-11T10:01:27+00:00\",\"breadcrumb\":{\"@id\":\"https:\/\/urbooweyewear.com\/envios-devolucoes\/#breadcrumb\"},\"inLanguage\":\"en-GB\",\"potentialAction\":[{\"@type\":\"ReadAction\",\"target\":[\"https:\/\/urbooweyewear.com\/envios-devolucoes\/\"]}]},{\"@type\":\"BreadcrumbList\",\"@id\":\"https:\/\/urbooweyewear.com\/envios-devolucoes\/#breadcrumb\",\"itemListElement\":[{\"@type\":\"ListItem\",\"position\":1,\"name\":\"In\u00edcio\",\"item\":\"https:\/\/urbooweyewear.com\/\"},{\"@type\":\"ListItem\",\"position\":2,\"name\":\"Envios &amp; Devolu\u00e7\u00f5es\"}]},{\"@type\":\"WebSite\",\"@id\":\"https:\/\/urbooweyewear.com\/#website\",\"url\":\"https:\/\/urbooweyewear.com\/\",\"name\":\"Urboow Eyewear\",\"description\":\"Urboow Eyewear - \u00d3culos de Sol\",\"publisher\":{\"@id\":\"https:\/\/urbooweyewear.com\/#organization\"},\"alternateName\":\"Urboow Eyewear\",\"potentialAction\":[{\"@type\":\"SearchAction\",\"target\":{\"@type\":\"EntryPoint\",\"urlTemplate\":\"https:\/\/urbooweyewear.com\/?s={search_term_string}\"},\"query-input\":{\"@type\":\"PropertyValueSpecification\",\"valueRequired\":true,\"valueName\":\"search_term_string\"}}],\"inLanguage\":\"en-GB\"},{\"@type\":\"Organization\",\"@id\":\"https:\/\/urbooweyewear.com\/#organization\",\"name\":\"Urboow Eyewear\",\"alternateName\":\"Urboow Eyewear\",\"url\":\"https:\/\/urbooweyewear.com\/\",\"logo\":{\"@type\":\"ImageObject\",\"inLanguage\":\"en-GB\",\"@id\":\"https:\/\/urbooweyewear.com\/#\/schema\/logo\/image\/\",\"url\":\"https:\/\/urbooweyewear.com\/wp-content\/uploads\/2025\/04\/LOGOTIPO-FINAL-2025-PRETO.svg\",\"contentUrl\":\"https:\/\/urbooweyewear.com\/wp-content\/uploads\/2025\/04\/LOGOTIPO-FINAL-2025-PRETO.svg\",\"width\":841,\"height\":595,\"caption\":\"Urboow Eyewear\"},\"image\":{\"@id\":\"https:\/\/urbooweyewear.com\/#\/schema\/logo\/image\/\"},\"sameAs\":[\"https:\/\/www.facebook.com\/Urboow.Eyewear\/\",\"https:\/\/www.instagram.com\/urboow.eyewear\/\"]}]}<\/script>\n<!-- \/ Yoast SEO plugin. -->","yoast_head_json":{"title":"Envios &amp; Devolu\u00e7\u00f5es - Urboow Eyewear","robots":{"index":"index","follow":"follow","max-snippet":"max-snippet:-1","max-image-preview":"max-image-preview:large","max-video-preview":"max-video-preview:-1"},"canonical":"https:\/\/urbooweyewear.com\/en\/envios-devolucoes\/","og_locale":"en_GB","og_type":"article","og_title":"Envios &amp; Devolu\u00e7\u00f5es - Urboow Eyewear","og_description":"Envios As encomendas s\u00e3o processadas ap\u00f3s confirma\u00e7\u00e3o de pagamento. Prazos de entrega: De forma geral, as encomendas s\u00e3o entregues em 3 dias \u00fateis\u00a0ap\u00f3s confirma\u00e7\u00e3o de pagamento. As encomendas s\u00e3o enviadas pela transportadora GLS. Os prazos de entrega s\u00e3o estimados e podem variar consoante a disponibilidade de stock e localiza\u00e7\u00e3o do cliente. Os prazos podem variar...","og_url":"https:\/\/urbooweyewear.com\/en\/envios-devolucoes\/","og_site_name":"Urboow Eyewear","article_publisher":"https:\/\/www.facebook.com\/Urboow.Eyewear\/","article_modified_time":"2026-05-11T10:01:27+00:00","twitter_card":"summary_large_image","twitter_misc":{"Estimated reading time":"2 minutes"},"schema":{"@context":"https:\/\/schema.org","@graph":[{"@type":"WebPage","@id":"https:\/\/urbooweyewear.com\/envios-devolucoes\/","url":"https:\/\/urbooweyewear.com\/envios-devolucoes\/","name":"Envios &amp; Devolu\u00e7\u00f5es - Urboow Eyewear","isPartOf":{"@id":"https:\/\/urbooweyewear.com\/#website"},"datePublished":"2026-05-11T09:43:52+00:00","dateModified":"2026-05-11T10:01:27+00:00","breadcrumb":{"@id":"https:\/\/urbooweyewear.com\/envios-devolucoes\/#breadcrumb"},"inLanguage":"en-GB","potentialAction":[{"@type":"ReadAction","target":["https:\/\/urbooweyewear.com\/envios-devolucoes\/"]}]},{"@type":"BreadcrumbList","@id":"https:\/\/urbooweyewear.com\/envios-devolucoes\/#breadcrumb","itemListElement":[{"@type":"ListItem","position":1,"name":"In\u00edcio","item":"https:\/\/urbooweyewear.com\/"},{"@type":"ListItem","position":2,"name":"Envios &amp; Devolu\u00e7\u00f5es"}]},{"@type":"WebSite","@id":"https:\/\/urbooweyewear.com\/#website","url":"https:\/\/urbooweyewear.com\/","name":"Urboow Eyewear","description":"Urboow Eyewear - \u00d3culos de Sol","publisher":{"@id":"https:\/\/urbooweyewear.com\/#organization"},"alternateName":"Urboow Eyewear","potentialAction":[{"@type":"SearchAction","target":{"@type":"EntryPoint","urlTemplate":"https:\/\/urbooweyewear.com\/?s={search_term_string}"},"query-input":{"@type":"PropertyValueSpecification","valueRequired":true,"valueName":"search_term_string"}}],"inLanguage":"en-GB"},{"@type":"Organization","@id":"https:\/\/urbooweyewear.com\/#organization","name":"Urboow Eyewear","alternateName":"Urboow Eyewear","url":"https:\/\/urbooweyewear.com\/","logo":{"@type":"ImageObject","inLanguage":"en-GB","@id":"https:\/\/urbooweyewear.com\/#\/schema\/logo\/image\/","url":"https:\/\/urbooweyewear.com\/wp-content\/uploads\/2025\/04\/LOGOTIPO-FINAL-2025-PRETO.svg","contentUrl":"https:\/\/urbooweyewear.com\/wp-content\/uploads\/2025\/04\/LOGOTIPO-FINAL-2025-PRETO.svg","width":841,"height":595,"caption":"Urboow Eyewear"},"image":{"@id":"https:\/\/urbooweyewear.com\/#\/schema\/logo\/image\/"},"sameAs":["https:\/\/www.facebook.com\/Urboow.Eyewear\/","https:\/\/www.instagram.com\/urboow.eyewear\/"]}]}},"jetpack_sharing_enabled":true,"_links":{"self":[{"href":"https:\/\/urbooweyewear.com\/en\/wp-json\/wp\/v2\/pages\/4414","targetHints":{"allow":["GET"]}}],"collection":[{"href":"https:\/\/urbooweyewear.com\/en\/wp-json\/wp\/v2\/pages"}],"about":[{"href":"https:\/\/urbooweyewear.com\/en\/wp-json\/wp\/v2\/types\/page"}],"author":[{"embeddable":true,"href":"https:\/\/urbooweyewear.com\/en\/wp-json\/wp\/v2\/users\/1"}],"replies":[{"embeddable":true,"href":"https:\/\/urbooweyewear.com\/en\/wp-json\/wp\/v2\/comments?post=4414"}],"version-history":[{"count":5,"href":"https:\/\/urbooweyewear.com\/en\/wp-json\/wp\/v2\/pages\/4414\/revisions"}],"predecessor-version":[{"id":4426,"href":"https:\/\/urbooweyewear.com\/en\/wp-json\/wp\/v2\/pages\/4414\/revisions\/4426"}],"wp:attachment":[{"href":"https:\/\/urbooweyewear.com\/en\/wp-json\/wp\/v2\/media?parent=4414"}],"curies":[{"name":"wp","href":"https:\/\/api.w.org\/{rel}","templated":true}]}}