{"id":4428,"date":"2026-05-11T11:04:27","date_gmt":"2026-05-11T10:04:27","guid":{"rendered":"https:\/\/urbooweyewear.com\/?page_id=4428"},"modified":"2026-05-11T11:04:31","modified_gmt":"2026-05-11T10:04:31","slug":"resolucao-alternativa-de-litigios","status":"publish","type":"page","link":"https:\/\/urbooweyewear.com\/en\/resolucao-alternativa-de-litigios\/","title":{"rendered":"Resolu\u00e7\u00e3o Alternativa de Lit\u00edgios"},"content":{"rendered":"<h2 class=\"wp-block-heading\">O que fazer em caso de lit\u00edgio?<\/h2>\n\n\n\n<p>Em caso de lit\u00edgio de consumo, o consumidor pode recorrer a uma entidade de resolu\u00e7\u00e3o alternativa de lit\u00edgios de consumo.<\/p>\n\n\n\n<p>Pode consultar a lista de entidades dispon\u00edveis em:<br><a href=\"https:\/\/www.consumidor.gov.pt\/\" target=\"_blank\" rel=\"noreferrer noopener\"><em><u>Dire\u00e7\u00e3o-Geral Consumidor<\/u><\/em><\/a><\/p>\n\n\n\n<p><strong>Entidade sugerida:<\/strong><br><a href=\"https:\/\/www.cniacc.pt\/pt\/\" target=\"_blank\" rel=\"noreferrer noopener\"><em><u>Centro Nacional de Informa\u00e7\u00e3o e Arbitragem de Conflitos de Consumo<\/u><\/em><\/a><\/p>\n\n\n\n<p>Mais informa\u00e7\u00f5es em:&nbsp;<a href=\"https:\/\/www.consumidor.gov.pt\/\" target=\"_blank\" rel=\"noreferrer noopener\"><em><u>Dire\u00e7\u00e3o-Geral Consumidor<\/u><\/em><\/a><\/p>\n\n\n\n<h2 class=\"wp-block-heading\">Precisa de mais ajuda?<\/h2>\n\n\n\n<p>Contacte-nos atrav\u00e9s do n\u00famero\u00a0232 817 614\u00a0ou envie-nos um email para\u00a0geral@urbooweyewear.com<\/p>\n\n\n\n<p><\/p>","protected":false},"excerpt":{"rendered":"<p>O que fazer em caso de lit\u00edgio? Em caso de lit\u00edgio de consumo, o consumidor pode recorrer a uma entidade de resolu\u00e7\u00e3o alternativa de lit\u00edgios de consumo. Pode consultar a lista de entidades dispon\u00edveis em:Dire\u00e7\u00e3o-Geral Consumidor Entidade sugerida:Centro Nacional de Informa\u00e7\u00e3o e Arbitragem de Conflitos de Consumo Mais informa\u00e7\u00f5es em:&nbsp;Dire\u00e7\u00e3o-Geral Consumidor Precisa de mais ajuda?&#8230;<\/p>","protected":false},"author":1,"featured_media":0,"parent":0,"menu_order":0,"comment_status":"closed","ping_status":"closed","template":"","meta":{"_bst_post_transparent":"","_bst_post_title":"","_bst_post_layout":"","_bst_post_sidebar_id":"","_bst_post_content_style":"","_bst_post_vertical_padding":"","_bst_post_feature":"","_bst_post_feature_position":"","_bst_post_header":false,"_bst_post_footer":false,"footnotes":""},"class_list":["post-4428","page","type-page","status-publish","hentry"],"yoast_head":"<!-- This site is optimized with the Yoast SEO plugin v27.1.1 - https:\/\/yoast.com\/product\/yoast-seo-wordpress\/ -->\n<title>Resolu\u00e7\u00e3o Alternativa de Lit\u00edgios - Urboow Eyewear<\/title>\n<meta name=\"robots\" content=\"index, follow, max-snippet:-1, max-image-preview:large, max-video-preview:-1\" \/>\n<link rel=\"canonical\" href=\"https:\/\/urbooweyewear.com\/en\/resolucao-alternativa-de-litigios\/\" \/>\n<meta property=\"og:locale\" content=\"en_GB\" \/>\n<meta property=\"og:type\" content=\"article\" \/>\n<meta property=\"og:title\" content=\"Resolu\u00e7\u00e3o Alternativa de Lit\u00edgios - Urboow Eyewear\" \/>\n<meta property=\"og:description\" content=\"O que fazer em caso de lit\u00edgio? Em caso de lit\u00edgio de consumo, o consumidor pode recorrer a uma entidade de resolu\u00e7\u00e3o alternativa de lit\u00edgios de consumo. Pode consultar a lista de entidades dispon\u00edveis em:Dire\u00e7\u00e3o-Geral Consumidor Entidade sugerida:Centro Nacional de Informa\u00e7\u00e3o e Arbitragem de Conflitos de Consumo Mais informa\u00e7\u00f5es em:&nbsp;Dire\u00e7\u00e3o-Geral Consumidor Precisa de mais ajuda?...\" \/>\n<meta property=\"og:url\" content=\"https:\/\/urbooweyewear.com\/en\/resolucao-alternativa-de-litigios\/\" \/>\n<meta property=\"og:site_name\" content=\"Urboow Eyewear\" \/>\n<meta property=\"article:publisher\" content=\"https:\/\/www.facebook.com\/Urboow.Eyewear\/\" \/>\n<meta property=\"article:modified_time\" content=\"2026-05-11T10:04:31+00:00\" \/>\n<meta name=\"twitter:card\" content=\"summary_large_image\" \/>\n<meta name=\"twitter:label1\" content=\"Estimated reading time\" \/>\n\t<meta name=\"twitter:data1\" content=\"1 minute\" \/>\n<script type=\"application\/ld+json\" class=\"yoast-schema-graph\">{\"@context\":\"https:\/\/schema.org\",\"@graph\":[{\"@type\":\"WebPage\",\"@id\":\"https:\/\/urbooweyewear.com\/resolucao-alternativa-de-litigios\/\",\"url\":\"https:\/\/urbooweyewear.com\/resolucao-alternativa-de-litigios\/\",\"name\":\"Resolu\u00e7\u00e3o Alternativa de Lit\u00edgios - Urboow Eyewear\",\"isPartOf\":{\"@id\":\"https:\/\/urbooweyewear.com\/#website\"},\"datePublished\":\"2026-05-11T10:04:27+00:00\",\"dateModified\":\"2026-05-11T10:04:31+00:00\",\"breadcrumb\":{\"@id\":\"https:\/\/urbooweyewear.com\/resolucao-alternativa-de-litigios\/#breadcrumb\"},\"inLanguage\":\"en-GB\",\"potentialAction\":[{\"@type\":\"ReadAction\",\"target\":[\"https:\/\/urbooweyewear.com\/resolucao-alternativa-de-litigios\/\"]}]},{\"@type\":\"BreadcrumbList\",\"@id\":\"https:\/\/urbooweyewear.com\/resolucao-alternativa-de-litigios\/#breadcrumb\",\"itemListElement\":[{\"@type\":\"ListItem\",\"position\":1,\"name\":\"In\u00edcio\",\"item\":\"https:\/\/urbooweyewear.com\/\"},{\"@type\":\"ListItem\",\"position\":2,\"name\":\"Resolu\u00e7\u00e3o Alternativa de Lit\u00edgios\"}]},{\"@type\":\"WebSite\",\"@id\":\"https:\/\/urbooweyewear.com\/#website\",\"url\":\"https:\/\/urbooweyewear.com\/\",\"name\":\"Urboow Eyewear\",\"description\":\"Urboow Eyewear - \u00d3culos de Sol\",\"publisher\":{\"@id\":\"https:\/\/urbooweyewear.com\/#organization\"},\"alternateName\":\"Urboow Eyewear\",\"potentialAction\":[{\"@type\":\"SearchAction\",\"target\":{\"@type\":\"EntryPoint\",\"urlTemplate\":\"https:\/\/urbooweyewear.com\/?s={search_term_string}\"},\"query-input\":{\"@type\":\"PropertyValueSpecification\",\"valueRequired\":true,\"valueName\":\"search_term_string\"}}],\"inLanguage\":\"en-GB\"},{\"@type\":\"Organization\",\"@id\":\"https:\/\/urbooweyewear.com\/#organization\",\"name\":\"Urboow Eyewear\",\"alternateName\":\"Urboow Eyewear\",\"url\":\"https:\/\/urbooweyewear.com\/\",\"logo\":{\"@type\":\"ImageObject\",\"inLanguage\":\"en-GB\",\"@id\":\"https:\/\/urbooweyewear.com\/#\/schema\/logo\/image\/\",\"url\":\"https:\/\/urbooweyewear.com\/wp-content\/uploads\/2025\/04\/LOGOTIPO-FINAL-2025-PRETO.svg\",\"contentUrl\":\"https:\/\/urbooweyewear.com\/wp-content\/uploads\/2025\/04\/LOGOTIPO-FINAL-2025-PRETO.svg\",\"width\":841,\"height\":595,\"caption\":\"Urboow Eyewear\"},\"image\":{\"@id\":\"https:\/\/urbooweyewear.com\/#\/schema\/logo\/image\/\"},\"sameAs\":[\"https:\/\/www.facebook.com\/Urboow.Eyewear\/\",\"https:\/\/www.instagram.com\/urboow.eyewear\/\"]}]}<\/script>\n<!-- \/ Yoast SEO plugin. -->","yoast_head_json":{"title":"Resolu\u00e7\u00e3o Alternativa de Lit\u00edgios - Urboow Eyewear","robots":{"index":"index","follow":"follow","max-snippet":"max-snippet:-1","max-image-preview":"max-image-preview:large","max-video-preview":"max-video-preview:-1"},"canonical":"https:\/\/urbooweyewear.com\/en\/resolucao-alternativa-de-litigios\/","og_locale":"en_GB","og_type":"article","og_title":"Resolu\u00e7\u00e3o Alternativa de Lit\u00edgios - Urboow Eyewear","og_description":"O que fazer em caso de lit\u00edgio? Em caso de lit\u00edgio de consumo, o consumidor pode recorrer a uma entidade de resolu\u00e7\u00e3o alternativa de lit\u00edgios de consumo. Pode consultar a lista de entidades dispon\u00edveis em:Dire\u00e7\u00e3o-Geral Consumidor Entidade sugerida:Centro Nacional de Informa\u00e7\u00e3o e Arbitragem de Conflitos de Consumo Mais informa\u00e7\u00f5es em:&nbsp;Dire\u00e7\u00e3o-Geral Consumidor Precisa de mais ajuda?...","og_url":"https:\/\/urbooweyewear.com\/en\/resolucao-alternativa-de-litigios\/","og_site_name":"Urboow Eyewear","article_publisher":"https:\/\/www.facebook.com\/Urboow.Eyewear\/","article_modified_time":"2026-05-11T10:04:31+00:00","twitter_card":"summary_large_image","twitter_misc":{"Estimated reading time":"1 minute"},"schema":{"@context":"https:\/\/schema.org","@graph":[{"@type":"WebPage","@id":"https:\/\/urbooweyewear.com\/resolucao-alternativa-de-litigios\/","url":"https:\/\/urbooweyewear.com\/resolucao-alternativa-de-litigios\/","name":"Resolu\u00e7\u00e3o Alternativa de Lit\u00edgios - Urboow Eyewear","isPartOf":{"@id":"https:\/\/urbooweyewear.com\/#website"},"datePublished":"2026-05-11T10:04:27+00:00","dateModified":"2026-05-11T10:04:31+00:00","breadcrumb":{"@id":"https:\/\/urbooweyewear.com\/resolucao-alternativa-de-litigios\/#breadcrumb"},"inLanguage":"en-GB","potentialAction":[{"@type":"ReadAction","target":["https:\/\/urbooweyewear.com\/resolucao-alternativa-de-litigios\/"]}]},{"@type":"BreadcrumbList","@id":"https:\/\/urbooweyewear.com\/resolucao-alternativa-de-litigios\/#breadcrumb","itemListElement":[{"@type":"ListItem","position":1,"name":"In\u00edcio","item":"https:\/\/urbooweyewear.com\/"},{"@type":"ListItem","position":2,"name":"Resolu\u00e7\u00e3o Alternativa de Lit\u00edgios"}]},{"@type":"WebSite","@id":"https:\/\/urbooweyewear.com\/#website","url":"https:\/\/urbooweyewear.com\/","name":"Urboow Eyewear","description":"Urboow Eyewear - \u00d3culos de Sol","publisher":{"@id":"https:\/\/urbooweyewear.com\/#organization"},"alternateName":"Urboow Eyewear","potentialAction":[{"@type":"SearchAction","target":{"@type":"EntryPoint","urlTemplate":"https:\/\/urbooweyewear.com\/?s={search_term_string}"},"query-input":{"@type":"PropertyValueSpecification","valueRequired":true,"valueName":"search_term_string"}}],"inLanguage":"en-GB"},{"@type":"Organization","@id":"https:\/\/urbooweyewear.com\/#organization","name":"Urboow Eyewear","alternateName":"Urboow Eyewear","url":"https:\/\/urbooweyewear.com\/","logo":{"@type":"ImageObject","inLanguage":"en-GB","@id":"https:\/\/urbooweyewear.com\/#\/schema\/logo\/image\/","url":"https:\/\/urbooweyewear.com\/wp-content\/uploads\/2025\/04\/LOGOTIPO-FINAL-2025-PRETO.svg","contentUrl":"https:\/\/urbooweyewear.com\/wp-content\/uploads\/2025\/04\/LOGOTIPO-FINAL-2025-PRETO.svg","width":841,"height":595,"caption":"Urboow Eyewear"},"image":{"@id":"https:\/\/urbooweyewear.com\/#\/schema\/logo\/image\/"},"sameAs":["https:\/\/www.facebook.com\/Urboow.Eyewear\/","https:\/\/www.instagram.com\/urboow.eyewear\/"]}]}},"jetpack_sharing_enabled":true,"_links":{"self":[{"href":"https:\/\/urbooweyewear.com\/en\/wp-json\/wp\/v2\/pages\/4428","targetHints":{"allow":["GET"]}}],"collection":[{"href":"https:\/\/urbooweyewear.com\/en\/wp-json\/wp\/v2\/pages"}],"about":[{"href":"https:\/\/urbooweyewear.com\/en\/wp-json\/wp\/v2\/types\/page"}],"author":[{"embeddable":true,"href":"https:\/\/urbooweyewear.com\/en\/wp-json\/wp\/v2\/users\/1"}],"replies":[{"embeddable":true,"href":"https:\/\/urbooweyewear.com\/en\/wp-json\/wp\/v2\/comments?post=4428"}],"version-history":[{"count":1,"href":"https:\/\/urbooweyewear.com\/en\/wp-json\/wp\/v2\/pages\/4428\/revisions"}],"predecessor-version":[{"id":4430,"href":"https:\/\/urbooweyewear.com\/en\/wp-json\/wp\/v2\/pages\/4428\/revisions\/4430"}],"wp:attachment":[{"href":"https:\/\/urbooweyewear.com\/en\/wp-json\/wp\/v2\/media?parent=4428"}],"curies":[{"name":"wp","href":"https:\/\/api.w.org\/{rel}","templated":true}]}}