{"id":4432,"date":"2026-05-11T15:01:24","date_gmt":"2026-05-11T14:01:24","guid":{"rendered":"https:\/\/urbooweyewear.com\/?page_id=4432"},"modified":"2026-05-11T15:04:52","modified_gmt":"2026-05-11T14:04:52","slug":"informacao-sobre-pontos-recompensas","status":"publish","type":"page","link":"https:\/\/urbooweyewear.com\/en\/informacao-sobre-pontos-recompensas\/","title":{"rendered":"Informa\u00e7\u00e3o sobre Pontos &amp; Recompensas"},"content":{"rendered":"<div style=\"height:43px\" aria-hidden=\"true\" class=\"wp-block-spacer\"><\/div>\n\n\n\n<h2 class=\"wp-block-heading\">Ganhe pontos em cada compra<\/h2>\n\n\n\n<p>Com o sistema de pontos e recompensas, cada compra traz vantagens exclusivas.<\/p>\n\n\n\n<p>Ao comprar no nosso site, acumula pontos automaticamente e pode troc\u00e1-los por descontos, ofertas especiais e benef\u00edcios exclusivos. Para usufruir dever\u00e1 ter criado uma conta e ter sess\u00e3o iniciada na mesma.<\/p>\n\n\n\n<hr class=\"wp-block-separator has-alpha-channel-opacity\"\/>\n\n\n\n<h1 class=\"wp-block-heading\">Como funciona?<\/h1>\n\n\n\n<h2 class=\"wp-block-heading\">1. Criar conta<\/h2>\n\n\n\n<p>Para come\u00e7ar a acumular pontos, basta criar uma conta no nosso site.<\/p>\n\n\n\n<p>\ud83d\udc49 Se j\u00e1 tem conta, os pontos ser\u00e3o acumulados automaticamente sempre que iniciar sess\u00e3o antes de comprar.<\/p>\n\n\n\n<hr class=\"wp-block-separator has-alpha-channel-opacity\"\/>\n\n\n\n<h2 class=\"wp-block-heading\">2. Ganhar pontos<\/h2>\n\n\n\n<p>Pode ganhar pontos de v\u00e1rias formas:<\/p>\n\n\n\n<ul class=\"wp-block-list\">\n<li>\ud83d\uded2 Fazer compras no site<\/li>\n\n\n\n<li>\ud83c\udf81 Participar em determinadas campanhas<\/li>\n\n\n\n<li>\ud83d\udc65 Indicar amigos<\/li>\n\n\n\n<li>\ud83c\udf89 Receber pontos de anivers\u00e1rio<\/li>\n<\/ul>\n\n\n\n<h3 class=\"wp-block-heading\">Exemplo:<\/h3>\n\n\n\n<ul class=\"wp-block-list\">\n<li>Por cada <strong>1\u20ac gasto<\/strong>, recebe <strong>1 ponto<\/strong>.<\/li>\n\n\n\n<li>Os pontos ficam dispon\u00edveis automaticamente ap\u00f3s confirma\u00e7\u00e3o da encomenda.<\/li>\n<\/ul>\n\n\n\n<hr class=\"wp-block-separator has-alpha-channel-opacity\"\/>\n\n\n\n<h1 class=\"wp-block-heading\">Como consultar os seus pontos<\/h1>\n\n\n\n<p>Pode verificar o saldo de pontos:<\/p>\n\n\n\n<ul class=\"wp-block-list\">\n<li>Na sua conta de cliente<\/li>\n\n\n\n<li>No carrinho de compras<\/li>\n\n\n\n<li>Durante o checkout<\/li>\n<\/ul>\n\n\n\n<p>O sistema mostra sempre:<\/p>\n\n\n\n<ul class=\"wp-block-list\">\n<li>Pontos dispon\u00edveis<\/li>\n\n\n\n<li>Hist\u00f3rico de pontos<\/li>\n\n\n\n<li>Recompensas dispon\u00edveis<\/li>\n\n\n\n<li>Validade dos pontos (se aplic\u00e1vel)<\/li>\n<\/ul>\n\n\n\n<hr class=\"wp-block-separator has-alpha-channel-opacity\"\/>\n\n\n\n<h1 class=\"wp-block-heading\">Como usar os pontos<\/h1>\n\n\n\n<p>Os pontos podem ser convertidos em cup\u00f5es na sua \u00e1rea de cliente em <strong>Pontos &amp; Recompensas<\/strong>.<\/p>\n\n\n\n<h3 class=\"wp-block-heading\">Exemplo:<\/h3>\n\n\n\n<ul class=\"wp-block-list\">\n<li>70 pontos = 5\u20ac de desconto<\/li>\n\n\n\n<li>100 pontos = 15\u20ac de desconto<\/li>\n<\/ul>\n\n\n\n<p>Os pontos podem ser trocados no checkout, antes de finalizar a compra ao clicar na mensagem que surge no topo do ecr\u00e3.<\/p>\n\n\n\n<hr class=\"wp-block-separator has-alpha-channel-opacity\"\/>\n\n\n\n<h1 class=\"wp-block-heading\">Recompensas exclusivas<\/h1>\n\n\n\n<p>Os membros do programa podem ter acesso a:<\/p>\n\n\n\n<ul class=\"wp-block-list\">\n<li>\ud83c\udf9f\ufe0f Cup\u00f5es exclusivos<\/li>\n\n\n\n<li>\ud83c\udf81 Ofertas especiais<\/li>\n\n\n\n<li>\ud83d\udd25 Promo\u00e7\u00f5es antecipadas<\/li>\n\n\n\n<li>\ud83d\udc51 Benef\u00edcios VIP<\/li>\n<\/ul>\n\n\n\n<hr class=\"wp-block-separator has-alpha-channel-opacity\"\/>\n\n\n\n<h1 class=\"wp-block-heading\">Regras do programa<\/h1>\n\n\n\n<p>Para garantir o bom funcionamento do sistema:<\/p>\n\n\n\n<ul class=\"wp-block-list\">\n<li>Os pontos s\u00e3o pessoais e intransmiss\u00edveis<\/li>\n\n\n\n<li>N\u00e3o podem ser convertidos em dinheiro<\/li>\n\n\n\n<li>Alguns produtos podem n\u00e3o acumular pontos<\/li>\n\n\n\n<li>Em caso de devolu\u00e7\u00e3o, os pontos podem ser removidos<\/li>\n\n\n\n<li>Os pontos podem ter validade limitada<\/li>\n<\/ul>\n\n\n\n<p>Reservamo-nos o direito de alterar as regras do programa sem aviso pr\u00e9vio.<\/p>\n\n\n\n<hr class=\"wp-block-separator has-alpha-channel-opacity\"\/>\n\n\n\n<h1 class=\"wp-block-heading\">Perguntas Frequentes<\/h1>\n\n\n\n<h2 class=\"wp-block-heading\">Os pontos expiram?<\/h2>\n\n\n\n<p>Depende da campanha ou configura\u00e7\u00e3o do programa. Consulte a sua conta para verificar a validade.<\/p>\n\n\n\n<h2 class=\"wp-block-heading\">Posso usar os cup\u00f5es em qualquer produto?<\/h2>\n\n\n\n<p>Na maioria dos casos sim, exceto em produtos ou campanhas espec\u00edficas.<\/p>\n\n\n\n<h2 class=\"wp-block-heading\">O que acontece aos pontos se cancelar uma encomenda?<\/h2>\n\n\n\n<p>Os pontos atribu\u00eddos \u00e0 encomenda ser\u00e3o removidos automaticamente.<\/p>\n\n\n\n<h2 class=\"wp-block-heading\">Posso acumular pontos e usar cup\u00f5es ao mesmo tempo?<\/h2>\n\n\n\n<p>Depende das regras da promo\u00e7\u00e3o ativa.<\/p>\n\n\n\n<hr class=\"wp-block-separator has-alpha-channel-opacity\"\/>\n\n\n\n<h1 class=\"wp-block-heading\">Comece j\u00e1 a acumular vantagens<\/h1>\n\n\n\n<p>Crie a sua conta, fa\u00e7a compras e transforme os seus pontos em recompensas exclusivas.<\/p>\n\n\n\n<p>\ud83d\udc49 Quanto mais compra, mais vantagens recebe!<\/p>\n\n\n\n<h1 class=\"wp-block-heading\">Precisa de mais ajuda?<\/h1>\n\n\n\n<p>Contacte-nos atrav\u00e9s do n\u00famero\u00a0232 817 614\u00a0ou envie-nos um email para\u00a0geral@urbooweyewear.com<\/p>\n\n\n\n<div style=\"height:100px\" aria-hidden=\"true\" class=\"wp-block-spacer\"><\/div>","protected":false},"excerpt":{"rendered":"<p>Ganhe pontos em cada compra Com o sistema de pontos e recompensas, cada compra traz vantagens exclusivas. Ao comprar no nosso site, acumula pontos automaticamente e pode troc\u00e1-los por descontos, ofertas especiais e benef\u00edcios exclusivos. Para usufruir dever\u00e1 ter criado uma conta e ter sess\u00e3o iniciada na mesma. Como funciona? 1. Criar conta Para come\u00e7ar&#8230;<\/p>","protected":false},"author":1,"featured_media":0,"parent":0,"menu_order":0,"comment_status":"closed","ping_status":"closed","template":"","meta":{"_bst_post_transparent":"","_bst_post_title":"","_bst_post_layout":"","_bst_post_sidebar_id":"","_bst_post_content_style":"","_bst_post_vertical_padding":"","_bst_post_feature":"","_bst_post_feature_position":"","_bst_post_header":false,"_bst_post_footer":false,"footnotes":""},"class_list":["post-4432","page","type-page","status-publish","hentry"],"yoast_head":"<!-- This site is optimized with the Yoast SEO plugin v27.1.1 - https:\/\/yoast.com\/product\/yoast-seo-wordpress\/ -->\n<title>Informa\u00e7\u00e3o sobre Pontos &amp; Recompensas - Urboow Eyewear<\/title>\n<meta name=\"robots\" content=\"index, follow, max-snippet:-1, max-image-preview:large, max-video-preview:-1\" \/>\n<link rel=\"canonical\" href=\"https:\/\/urbooweyewear.com\/en\/informacao-sobre-pontos-recompensas\/\" \/>\n<meta property=\"og:locale\" content=\"en_GB\" \/>\n<meta property=\"og:type\" content=\"article\" \/>\n<meta property=\"og:title\" content=\"Informa\u00e7\u00e3o sobre Pontos &amp; Recompensas - Urboow Eyewear\" \/>\n<meta property=\"og:description\" content=\"Ganhe pontos em cada compra Com o sistema de pontos e recompensas, cada compra traz vantagens exclusivas. Ao comprar no nosso site, acumula pontos automaticamente e pode troc\u00e1-los por descontos, ofertas especiais e benef\u00edcios exclusivos. Para usufruir dever\u00e1 ter criado uma conta e ter sess\u00e3o iniciada na mesma. Como funciona? 1. Criar conta Para come\u00e7ar...\" \/>\n<meta property=\"og:url\" content=\"https:\/\/urbooweyewear.com\/en\/informacao-sobre-pontos-recompensas\/\" \/>\n<meta property=\"og:site_name\" content=\"Urboow Eyewear\" \/>\n<meta property=\"article:publisher\" content=\"https:\/\/www.facebook.com\/Urboow.Eyewear\/\" \/>\n<meta property=\"article:modified_time\" content=\"2026-05-11T14:04:52+00:00\" \/>\n<meta name=\"twitter:card\" content=\"summary_large_image\" \/>\n<meta name=\"twitter:label1\" content=\"Estimated reading time\" \/>\n\t<meta name=\"twitter:data1\" content=\"3 minutes\" \/>\n<script type=\"application\/ld+json\" class=\"yoast-schema-graph\">{\"@context\":\"https:\/\/schema.org\",\"@graph\":[{\"@type\":\"WebPage\",\"@id\":\"https:\/\/urbooweyewear.com\/informacao-sobre-pontos-recompensas\/\",\"url\":\"https:\/\/urbooweyewear.com\/informacao-sobre-pontos-recompensas\/\",\"name\":\"Informa\u00e7\u00e3o sobre Pontos &amp; Recompensas - Urboow Eyewear\",\"isPartOf\":{\"@id\":\"https:\/\/urbooweyewear.com\/#website\"},\"datePublished\":\"2026-05-11T14:01:24+00:00\",\"dateModified\":\"2026-05-11T14:04:52+00:00\",\"breadcrumb\":{\"@id\":\"https:\/\/urbooweyewear.com\/informacao-sobre-pontos-recompensas\/#breadcrumb\"},\"inLanguage\":\"en-GB\",\"potentialAction\":[{\"@type\":\"ReadAction\",\"target\":[\"https:\/\/urbooweyewear.com\/informacao-sobre-pontos-recompensas\/\"]}]},{\"@type\":\"BreadcrumbList\",\"@id\":\"https:\/\/urbooweyewear.com\/informacao-sobre-pontos-recompensas\/#breadcrumb\",\"itemListElement\":[{\"@type\":\"ListItem\",\"position\":1,\"name\":\"In\u00edcio\",\"item\":\"https:\/\/urbooweyewear.com\/\"},{\"@type\":\"ListItem\",\"position\":2,\"name\":\"Informa\u00e7\u00e3o sobre Pontos &amp; Recompensas\"}]},{\"@type\":\"WebSite\",\"@id\":\"https:\/\/urbooweyewear.com\/#website\",\"url\":\"https:\/\/urbooweyewear.com\/\",\"name\":\"Urboow Eyewear\",\"description\":\"Urboow Eyewear - \u00d3culos de Sol\",\"publisher\":{\"@id\":\"https:\/\/urbooweyewear.com\/#organization\"},\"alternateName\":\"Urboow Eyewear\",\"potentialAction\":[{\"@type\":\"SearchAction\",\"target\":{\"@type\":\"EntryPoint\",\"urlTemplate\":\"https:\/\/urbooweyewear.com\/?s={search_term_string}\"},\"query-input\":{\"@type\":\"PropertyValueSpecification\",\"valueRequired\":true,\"valueName\":\"search_term_string\"}}],\"inLanguage\":\"en-GB\"},{\"@type\":\"Organization\",\"@id\":\"https:\/\/urbooweyewear.com\/#organization\",\"name\":\"Urboow Eyewear\",\"alternateName\":\"Urboow Eyewear\",\"url\":\"https:\/\/urbooweyewear.com\/\",\"logo\":{\"@type\":\"ImageObject\",\"inLanguage\":\"en-GB\",\"@id\":\"https:\/\/urbooweyewear.com\/#\/schema\/logo\/image\/\",\"url\":\"https:\/\/urbooweyewear.com\/wp-content\/uploads\/2025\/04\/LOGOTIPO-FINAL-2025-PRETO.svg\",\"contentUrl\":\"https:\/\/urbooweyewear.com\/wp-content\/uploads\/2025\/04\/LOGOTIPO-FINAL-2025-PRETO.svg\",\"width\":841,\"height\":595,\"caption\":\"Urboow Eyewear\"},\"image\":{\"@id\":\"https:\/\/urbooweyewear.com\/#\/schema\/logo\/image\/\"},\"sameAs\":[\"https:\/\/www.facebook.com\/Urboow.Eyewear\/\",\"https:\/\/www.instagram.com\/urboow.eyewear\/\"]}]}<\/script>\n<!-- \/ Yoast SEO plugin. -->","yoast_head_json":{"title":"Informa\u00e7\u00e3o sobre Pontos &amp; Recompensas - Urboow Eyewear","robots":{"index":"index","follow":"follow","max-snippet":"max-snippet:-1","max-image-preview":"max-image-preview:large","max-video-preview":"max-video-preview:-1"},"canonical":"https:\/\/urbooweyewear.com\/en\/informacao-sobre-pontos-recompensas\/","og_locale":"en_GB","og_type":"article","og_title":"Informa\u00e7\u00e3o sobre Pontos &amp; Recompensas - Urboow Eyewear","og_description":"Ganhe pontos em cada compra Com o sistema de pontos e recompensas, cada compra traz vantagens exclusivas. Ao comprar no nosso site, acumula pontos automaticamente e pode troc\u00e1-los por descontos, ofertas especiais e benef\u00edcios exclusivos. Para usufruir dever\u00e1 ter criado uma conta e ter sess\u00e3o iniciada na mesma. Como funciona? 1. Criar conta Para come\u00e7ar...","og_url":"https:\/\/urbooweyewear.com\/en\/informacao-sobre-pontos-recompensas\/","og_site_name":"Urboow Eyewear","article_publisher":"https:\/\/www.facebook.com\/Urboow.Eyewear\/","article_modified_time":"2026-05-11T14:04:52+00:00","twitter_card":"summary_large_image","twitter_misc":{"Estimated reading time":"3 minutes"},"schema":{"@context":"https:\/\/schema.org","@graph":[{"@type":"WebPage","@id":"https:\/\/urbooweyewear.com\/informacao-sobre-pontos-recompensas\/","url":"https:\/\/urbooweyewear.com\/informacao-sobre-pontos-recompensas\/","name":"Informa\u00e7\u00e3o sobre Pontos &amp; Recompensas - Urboow Eyewear","isPartOf":{"@id":"https:\/\/urbooweyewear.com\/#website"},"datePublished":"2026-05-11T14:01:24+00:00","dateModified":"2026-05-11T14:04:52+00:00","breadcrumb":{"@id":"https:\/\/urbooweyewear.com\/informacao-sobre-pontos-recompensas\/#breadcrumb"},"inLanguage":"en-GB","potentialAction":[{"@type":"ReadAction","target":["https:\/\/urbooweyewear.com\/informacao-sobre-pontos-recompensas\/"]}]},{"@type":"BreadcrumbList","@id":"https:\/\/urbooweyewear.com\/informacao-sobre-pontos-recompensas\/#breadcrumb","itemListElement":[{"@type":"ListItem","position":1,"name":"In\u00edcio","item":"https:\/\/urbooweyewear.com\/"},{"@type":"ListItem","position":2,"name":"Informa\u00e7\u00e3o sobre Pontos &amp; Recompensas"}]},{"@type":"WebSite","@id":"https:\/\/urbooweyewear.com\/#website","url":"https:\/\/urbooweyewear.com\/","name":"Urboow Eyewear","description":"Urboow Eyewear - \u00d3culos de Sol","publisher":{"@id":"https:\/\/urbooweyewear.com\/#organization"},"alternateName":"Urboow Eyewear","potentialAction":[{"@type":"SearchAction","target":{"@type":"EntryPoint","urlTemplate":"https:\/\/urbooweyewear.com\/?s={search_term_string}"},"query-input":{"@type":"PropertyValueSpecification","valueRequired":true,"valueName":"search_term_string"}}],"inLanguage":"en-GB"},{"@type":"Organization","@id":"https:\/\/urbooweyewear.com\/#organization","name":"Urboow Eyewear","alternateName":"Urboow Eyewear","url":"https:\/\/urbooweyewear.com\/","logo":{"@type":"ImageObject","inLanguage":"en-GB","@id":"https:\/\/urbooweyewear.com\/#\/schema\/logo\/image\/","url":"https:\/\/urbooweyewear.com\/wp-content\/uploads\/2025\/04\/LOGOTIPO-FINAL-2025-PRETO.svg","contentUrl":"https:\/\/urbooweyewear.com\/wp-content\/uploads\/2025\/04\/LOGOTIPO-FINAL-2025-PRETO.svg","width":841,"height":595,"caption":"Urboow Eyewear"},"image":{"@id":"https:\/\/urbooweyewear.com\/#\/schema\/logo\/image\/"},"sameAs":["https:\/\/www.facebook.com\/Urboow.Eyewear\/","https:\/\/www.instagram.com\/urboow.eyewear\/"]}]}},"jetpack_sharing_enabled":true,"_links":{"self":[{"href":"https:\/\/urbooweyewear.com\/en\/wp-json\/wp\/v2\/pages\/4432","targetHints":{"allow":["GET"]}}],"collection":[{"href":"https:\/\/urbooweyewear.com\/en\/wp-json\/wp\/v2\/pages"}],"about":[{"href":"https:\/\/urbooweyewear.com\/en\/wp-json\/wp\/v2\/types\/page"}],"author":[{"embeddable":true,"href":"https:\/\/urbooweyewear.com\/en\/wp-json\/wp\/v2\/users\/1"}],"replies":[{"embeddable":true,"href":"https:\/\/urbooweyewear.com\/en\/wp-json\/wp\/v2\/comments?post=4432"}],"version-history":[{"count":11,"href":"https:\/\/urbooweyewear.com\/en\/wp-json\/wp\/v2\/pages\/4432\/revisions"}],"predecessor-version":[{"id":4446,"href":"https:\/\/urbooweyewear.com\/en\/wp-json\/wp\/v2\/pages\/4432\/revisions\/4446"}],"wp:attachment":[{"href":"https:\/\/urbooweyewear.com\/en\/wp-json\/wp\/v2\/media?parent=4432"}],"curies":[{"name":"wp","href":"https:\/\/api.w.org\/{rel}","templated":true}]}}