{"id":60,"date":"2023-10-05T04:26:55","date_gmt":"2023-10-05T04:26:55","guid":{"rendered":"https:\/\/demo.webdigify.com\/WCM02\/WCM043_eyestyle\/?page_id=60"},"modified":"2025-07-28T14:55:04","modified_gmt":"2025-07-28T14:55:04","slug":"cookies","status":"publish","type":"page","link":"https:\/\/urbooweyewear.com\/en\/cookies\/","title":{"rendered":"Cookies"},"content":{"rendered":"<div data-elementor-type=\"wp-page\" data-elementor-id=\"60\" class=\"elementor elementor-60\" data-elementor-post-type=\"page\">\n\t\t\t\t<div class=\"elementor-element elementor-element-7eebbed e-flex e-con-boxed e-con e-parent\" data-id=\"7eebbed\" data-element_type=\"container\" data-e-type=\"container\">\n\t\t\t\t\t<div class=\"e-con-inner\">\n\t\t\t\t<div class=\"elementor-element elementor-element-d948bcc elementor-widget elementor-widget-text-editor\" data-id=\"d948bcc\" data-element_type=\"widget\" data-e-type=\"widget\" data-widget_type=\"text-editor.default\">\n\t\t\t\t<div class=\"elementor-widget-container\">\n\t\t\t\t\t\t\t\t\t<h2>1. O que \u00e9 um cookie e para que serve?<\/h2><p>Os cookies foram criados em 1994 por Lou Montulli, um funcion\u00e1rio da Netscape, para resolver problemas respeitantes \u00e0s limita\u00e7\u00f5es na identifica\u00e7\u00e3o dos computadores ligados a uma p\u00e1gina na internet. Sem os cookies, os sites n\u00e3o conseguem saber se dois pedidos t\u00eam origem no mesmo dispositivo inform\u00e1tico, pelo que foi considerado necess\u00e1rio atribuir-lhes \u201cetiquetas\u201d.<\/p><p>Os cookies s\u00e3o guardados no disco r\u00edgido ou na mem\u00f3ria do computador do utilizador. Um cookie \u00e9 um ficheiro de tamanho reduzido enviado de um servidor na internet (o computador no qual est\u00e1 em execu\u00e7\u00e3o o site na internet que \u00e9 visitado) ao navegador do utilizador (Internet Explorer, Mozilla Firefox, Google Chrome, etc.) e guardado no seu dispositivo quando visita um site na internet, como por exemplo, Urboow Fashionable Eyewear. Os cookies permitem um funcionamento eficiente do site e melhoram a sua presta\u00e7\u00e3o, dando, inclusive, informa\u00e7\u00f5es ao propriet\u00e1rio de\u00a0Urboow Fashionable Eyewear\u00a0para fins estat\u00edsticos ou publicit\u00e1rios, principalmente para personalizar a experi\u00eancia de navega\u00e7\u00e3o ao recordar as prefer\u00eancias e modalidades de navega\u00e7\u00e3o.<\/p><p>O cookie \u00e9 semelhante a um cart\u00e3o de identifica\u00e7\u00e3o exclusivamente pessoal, cuja fun\u00e7\u00e3o consiste em comunicar a Urboow Fashionable Eyewear quando o utilizador regressa ao site. Diversos sites na internet, incluindo o site www.urbooweyewear.com (o \u201cSite\u201d), utilizam cookies. Os cookies revelam com que frequ\u00eancia o utilizador visita as p\u00e1ginas do site, permitindo assim saber que informa\u00e7\u00f5es poder\u00e3o interessar aos visitantes do site. Desta forma, podemos oferecer mais conte\u00fados que interessam a um determinado utilizador e menos conte\u00fados que, eventualmente, n\u00e3o lhe interessar\u00e3o.<\/p><p>Os cookies permitem uma maior efici\u00eancia do site e a memorizar as prefer\u00eancias e os nomes dos utilizadores, a registar produtos e servi\u00e7os e a personalizar p\u00e1ginas.<\/p><p>Os cookies n\u00e3o recolhem informa\u00e7\u00f5es que permitam a identifica\u00e7\u00e3o direta do utilizador. Com efeito, Urboow Fashionable Eyewear n\u00e3o poder\u00e1, atrav\u00e9s dos cookies, obter qualquer informa\u00e7\u00e3o pessoal que identifique diretamente o utilizador (por ex., nome, apelido) se n\u00e3o for fornecida por este. Al\u00e9m disso, um outro site na internet n\u00e3o poder\u00e1 utilizar um cookie emitido pelo Site para aceder a outras informa\u00e7\u00f5es contidas no computador do utilizador. Quando guardado no computador, o cookie poder\u00e1 ser lido apenas pelo site na internet que o criou (e, portanto, no nosso caso, apenas por www.urbooweyewear.com). Em termos pr\u00e1ticos significa que, se o utilizador n\u00e3o proceder ao registo no Site e n\u00e3o inserir informa\u00e7\u00f5es pessoais, a \u00fanica coisa que o servidor saber\u00e1 \u00e9 que algu\u00e9m, com aquele cookie, voltou a visitar o nosso Site. Nada mais.<\/p><p>Os cookies poder\u00e3o ser &#8220;de sess\u00e3o&#8221; (quando s\u00e3o memorizados exclusivamente durante a sess\u00e3o de navega\u00e7\u00e3o no site e s\u00e3o apagados aquando do fecho do navegador), ou \u201cpermanentes\u201d (s\u00e3o memorizados durante um per\u00edodo mais longo, at\u00e9 \u00e0 sua expira\u00e7\u00e3o ou at\u00e9 ao seu apagamento por parte do utilizador).<\/p><h2>2. Os cookies utilizados pelo Site<\/h2><p>Urboow Fashionable Eyewear utiliza diversos tipos de cookies e tecnologias afins, cada uma das quais com uma fun\u00e7\u00e3o espec\u00edfica. Para otimizar a utiliza\u00e7\u00e3o do Site e a completa funcionalidade do processo de compra online, bem como das caracter\u00edsticas personalizadas, o computador, o tablet ou o dispositivo m\u00f3vel dever\u00e3o aceitar os cookies. A nossa pol\u00edtica em mat\u00e9ria de utiliza\u00e7\u00e3o de cookies fornece informa\u00e7\u00f5es sobre o tipo de cookies utilizados e sobre a modalidade de gest\u00e3o, controlo e elimina\u00e7\u00e3o.<\/p><p>Gostar\u00edamos de esclarecer que os cookies n\u00e3o danificam o dispositivo do utilizador.<\/p><h3>Cookies de navega\u00e7\u00e3o<\/h3><p>Desde o primeiro acesso, estes cookies permitem o funcionamento adequado do Site e que o utilizador visualize os conte\u00fados no seu dispositivo, reconhecendo a l\u00edngua e o mercado do pa\u00eds no qual optou por estabelecer a liga\u00e7\u00e3o. No caso de um utilizador registado, permitir\u00e3o o seu reconhecimento e o acesso aos servi\u00e7os prestados pelas \u00e1reas dedicadas. Os cookies de navega\u00e7\u00e3o s\u00e3o cookies t\u00e9cnicos, pelo que s\u00e3o necess\u00e1rios ao funcionamento do Site.<\/p><p>Esses cookies s\u00e3o geralmente tempor\u00e1rios, designados por \u201ccookies de sess\u00e3o\u201d, e s\u00e3o emitidos pelo Site para o computador do utilizador durante a navega\u00e7\u00e3o, mas s\u00e3o memorizados somente durante a referida sess\u00e3o de navega\u00e7\u00e3o. Ou seja, quando o utilizador fecha o seu navegador, os cookies s\u00e3o automaticamente apagados e desaparecem, n\u00e3o ficando memorizados no computador. S\u00e3o constitu\u00eddos por n\u00fameros aleat\u00f3rios gerados pelo servidor e permitem uma explora\u00e7\u00e3o segura e eficiente do Site.<\/p><h3>Cookies Funcionais<\/h3><p>Estes cookies permitem, com base no pedido expl\u00edcito do utilizador, facilitar a sua navega\u00e7\u00e3o no Site, por exemplo, reconhecendo-o nos seus acessos posteriores por forma a evitar ter de inserir os dados em cada visita ao Site (por exemplo: \u201cReconhecer-me na pr\u00f3xima visita\u201d, os designados cookies para efeitos de autentica\u00e7\u00e3o).<\/p><p>Se o utilizador colocou artigos no seu Carrinho de Compras e depois fechou a sess\u00e3o sem completar a compra e sem os eliminar, estes cookies permitem-lhe continuar a compra na pr\u00f3xima visita que fizer ao Site (dentro de um determinado per\u00edodo de tempo) encontrando os artigos previamente selecionados.<\/p><p>Os cookies funcionais n\u00e3o s\u00e3o indispens\u00e1veis ao funcionamento do Site, mas melhoram a qualidade e a experi\u00eancia de navega\u00e7\u00e3o.<\/p><h3>Cookies Anal\u00edticos<\/h3><p>Estes cookies s\u00e3o utilizados para elaborar an\u00e1lises estat\u00edsticas sobre as modalidades de navega\u00e7\u00e3o dos utilizadores no nosso Site.<\/p><p>Urboow Fashionable Eyewear trata os resultados destas an\u00e1lises de forma an\u00f3nima e exclusivamente para finalidades estat\u00edsticas s\u00f3 se o prestador de servi\u00e7os utilizar os cookies em liga\u00e7\u00e3o com o navegador utilizado ou em outros dispositivos utilizados para navegar no Site. O Site utiliza alguns servi\u00e7os de terceiros que, de forma totalmente independente, instalam os seus pr\u00f3prios cookies.<\/p><h3>Cookies para efeitos de marketing e de defini\u00e7\u00e3o de perfis<\/h3><p>Estes cookies visam criar perfis referentes aos utilizadores a fim de enviar mensagens comerciais adaptadas \u00e0s prefer\u00eancias manifestadas durante a visita ao Site ou para melhorar a experi\u00eancia de navega\u00e7\u00e3o: enquanto o utilizador navega no nosso Site, estes cookies s\u00e3o \u00fateis para apresentar produtos do seu interesse ou semelhantes aos que ter\u00e1 visualizado. Esses cookies s\u00e3o emitidos pelo Site para o computador do utilizador durante a navega\u00e7\u00e3o e ficam memorizados para al\u00e9m da dura\u00e7\u00e3o da sess\u00e3o de navega\u00e7\u00e3o, at\u00e9 \u00e0 sua expira\u00e7\u00e3o ou at\u00e9 ao seu apagamento por parte do pr\u00f3prio utilizador (os designados \u201ccookies permanentes\u201d).<\/p><p>A utiliza\u00e7\u00e3o desses cookies carece do consentimento expresso e informado do utilizador.<\/p><h3>Cookies de Redes Sociais<\/h3><p>Estes cookies s\u00e3o necess\u00e1rios para permitir a intera\u00e7\u00e3o da conta do utilizador nas redes sociais com o nosso Site. Servem, por exemplo, para o utilizador exprimir a sua satisfa\u00e7\u00e3o e poder partilh\u00e1-la com os seus \u201camigos\u201d das redes sociais. Os cookies de redes sociais n\u00e3o s\u00e3o necess\u00e1rios para a navega\u00e7\u00e3o no Site.<\/p><h2>3. Informa\u00e7\u00f5es sobre cookies emitidos por\u00a0Urboow Fashionable Eyewear<\/h2><p>Em rela\u00e7\u00e3o aos cookies utilizados no Site, fornecemos as seguintes informa\u00e7\u00f5es:<\/p><p>1) O nome de dom\u00ednio a partir do qual o servidor do Site transmite os cookies \u00e9: www.urbooweyewear.com<\/p><p>2) Finalidade da recolha: os cookies s\u00e3o utilizados para (i) permitir uma navega\u00e7\u00e3o no Site mais f\u00e1cil e r\u00e1pida ou para efetuar an\u00e1lises\/verifica\u00e7\u00f5es estat\u00edsticas e an\u00f3nimas sobre a utiliza\u00e7\u00e3o do Site (cookies t\u00e9cnicos); (ii) melhorar a experi\u00eancia de navega\u00e7\u00e3o atrav\u00e9s da an\u00e1lise das prefer\u00eancias dos utilizadores (por exemplo, as p\u00e1ginas visitadas, os artigos colocados no carrinho das compras, etc.) e otimizar a experi\u00eancia on-line sugerindo os melhores produtos e promo\u00e7\u00f5es com base na navega\u00e7\u00e3o desenvolvida (cookies para defini\u00e7\u00e3o de perfis).<\/p><p>3) Validade dos cookies: o Site utiliza cookies de sess\u00e3o (ou seja, cookies que s\u00e3o automaticamente apagados com o fecho do navegador), mas tamb\u00e9m cookies permanentes (ou seja, cookies que s\u00e3o conservados at\u00e9 ao eventual apagamento por parte do utilizador), cuja dura\u00e7\u00e3o n\u00e3o poder\u00e1 superar, em qualquer caso, 90 dias.<\/p><p>4) Necessidade de aceita\u00e7\u00e3o dos cookies: a aceita\u00e7\u00e3o dos cookies n\u00e3o \u00e9 obrigat\u00f3ria; recordamos, contudo, que a desativa\u00e7\u00e3o dos cookies de navega\u00e7\u00e3o ou dos cookies funcionais poder\u00e1 impedir o bom funcionamento do Site e\/ou limitar o servi\u00e7o prestado.<\/p><p>5) Comunica\u00e7\u00e3o dos dados: as informa\u00e7\u00f5es recolhidas atrav\u00e9s dos cookies s\u00e3o confidenciais e n\u00e3o ser\u00e3o transmitidas a terceiros.<\/p><h2>4. Cookies de terceiros<\/h2><p>O Site utiliza os denominados \u201ccookies de terceiros\u201d (por ex., Google Analytics e cookies de redes sociais), ou seja, cookies emitidos e geridos por entidades distintas de Pixartprinting. Estes cookies permitem oferecer ao utilizador a nossa proposta comercial noutros sites da internet que sejam associados (o designado \u201cRetargeting (reorienta\u00e7\u00e3o)\u201d). Nos cookies de terceiros, n\u00e3o temos controlo sobre as informa\u00e7\u00f5es transmitidas pelos cookies nem acesso a esses dados. Estas informa\u00e7\u00f5es s\u00e3o totalmente controladas pelas sociedades terceiras, nos termos do estabelecido nas suas respetivas pol\u00edticas em mat\u00e9ria de privacidade.<\/p><p>Por forma a permitir-lhe efetuar uma escolha livre e informada, apresentamos seguidamente indica\u00e7\u00f5es sobre (i) tipo e identifica\u00e7\u00e3o dos cookies, (ii) caracter\u00edsticas e finalidades dos cookies, assim como a hiperliga\u00e7\u00e3o para a informa\u00e7\u00e3o detalhada relativa a esses cookies:<\/p><p>\u2022 Facebook: https:\/\/www.facebook.com\/policies\/cookies\/<\/p><p>\u2022 Google Adwords: https:\/\/policies.google.com\/technologies\/ads?hl=en<\/p><p>\u2022 Google Analytics: https:\/\/policies.google.com\/privacy<\/p><p>\u2022 Google Doubleclick: https:\/\/privacy.google.com\/businesses\/processorterms\/<\/p><p>\u2022 Pinterest: https:\/\/policy.pinterest.com\/it\/cookies<\/p><h2>5. Desativa\u00e7\u00e3o\/apagamento dos cookies atrav\u00e9s do navegador da internet<\/h2><p>Em todo o caso, \u00e9 poss\u00edvel ativar\/desativar ou apagar os cookies, em qualquer momento, atrav\u00e9s das configura\u00e7\u00f5es do seu navegador da internet. Se n\u00e3o pretender receber cookies, \u00e9 poss\u00edvel configurar o seu navegador por forma a ser alertado da presen\u00e7a de um cookie, podendo assim decidir aceit\u00e1-lo ou n\u00e3o; \u00e9 tamb\u00e9m poss\u00edvel rejeitar automaticamente todos os cookies, mediante a ativa\u00e7\u00e3o dessa op\u00e7\u00e3o no navegador. \u00c9 tamb\u00e9m poss\u00edvel eliminar cookies espec\u00edficos que j\u00e1 estejam memorizados no navegador, bloquear a memoriza\u00e7\u00e3o de cookies no seu computador por parte de sites espec\u00edficos na internet ou bloquear cookies de terceiros.<\/p><p>Cada navegador possui uma forma diferente de gest\u00e3o dos cookies, na \u00e1rea de administra\u00e7\u00e3o ou de prefer\u00eancias \u00e9 poss\u00edvel alterar\/gerir os par\u00e2metros e proceder ao seu apagamento.<\/p><p>Para desativar a utiliza\u00e7\u00e3o de todos ou de apenas alguns cookies, \u00e9 necess\u00e1rio modificar as configura\u00e7\u00f5es do navegador (Firefox, Chrome, Explorer, Safari, Opera, etc.). Para esse efeito, queira selecionar as seguintes hiperliga\u00e7\u00f5es:<\/p><p>Internet Explorer: http:\/\/windows.microsoft.com\/it-it\/windows7\/block-enable-or-allow-cookies<\/p><p>Safari: http:\/\/support.apple.com\/kb\/PH11913<\/p><p>Chrome: https:\/\/support.google.com\/chrome\/answer\/95647?hl=it-IT&amp;hlrm=fr&amp;hlrm=en<\/p><p>Firefox: http:\/\/support.mozilla.org\/it-IT\/kb\/enable-and-disable-cookies-website-preferences<\/p><p>Para mais informa\u00e7\u00f5es sobre cookies e para gerir as tuas prefer\u00eancias nos cookies de terceiros de defini\u00e7\u00e3o de perfis, solicitamos a consulta de http:\/\/www.youronlinechoices.com.<\/p><p>Para desativar os cookies anal\u00edticos e impedir a Google Analytics de recolher dados sobre a sua navega\u00e7\u00e3o, poder\u00e1 descarregar o Elemento adicional do navegador para a desativa\u00e7\u00e3o de Google<\/p><p>Analytics: https:\/\/tools.google.com\/dlpage\/gaoptout.<\/p><h2>6. Aceita\u00e7\u00e3o dos cookies<\/h2><p>Gostar\u00edamos de frisar que o seu consentimento s\u00f3 ser\u00e1 pedido no primeiro acesso ao Site. Posteriormente, em virtude da utiliza\u00e7\u00e3o de um cookie t\u00e9cnico, o seu consentimento ficar\u00e1 memorizado para lhe permitir aceder diretamente \u00e0s p\u00e1ginas do Site no seu regresso (sem preju\u00edzo, obviamente, do direito de desativar\/ativar os cookies, a qualquer momento, ou de os apagar (ver par\u00e1grafo 5). Nesse caso, ao regressar ao Site, este pedir-lhe-\u00e1 novamente o seu consentimento).<\/p><p>Al\u00e9m disso, se o utilizador se registar no Site e fornecer, aquando desse registo, o seu consentimento relativamente \u00e0 monitoriza\u00e7\u00e3o da sua navega\u00e7\u00e3o, os dados relativos \u00e0 navega\u00e7\u00e3o no Site poder\u00e3o ser associados aos seus dados pessoais.<\/p><p>Em caso de n\u00e3o aceita\u00e7\u00e3o dos cookies atrav\u00e9s do abandono da navega\u00e7\u00e3o, eventuais cookies previamente registados localmente no seu navegador permanecer\u00e3o registados, mas n\u00e3o ser\u00e3o lidos nem utilizados pela Urboow Fashionable Eyewear at\u00e9 que se verifique, eventualmente, a aceita\u00e7\u00e3o da Pol\u00edtica em mat\u00e9ria de Cookies. Haver\u00e1 sempre a possibilidade de remover esse cookie, em qualquer momento, atrav\u00e9s das modalidades presentes nos sites indicados no par\u00e1grafo \u201cDesativa\u00e7\u00e3o\/apagamento dos cookies atrav\u00e9s do navegador na internet\u201d.<\/p><h2>7. Os seus direitos<\/h2><p>Mediante comunica\u00e7\u00e3o a enviar para o endere\u00e7o de e-mail geral@urbooweyewear.com, poder\u00e1, em qualquer momento, exercer os direitos previstos nos artigos 15.\u00ba a 23.\u00ba do Regulamento, nomeadamente, o direito de saber quais os dados objeto de tratamento, os meios e para que finalidades s\u00e3o utilizados, de retifica\u00e7\u00e3o ou apagamento dos dados fornecidos, de solicitar a limita\u00e7\u00e3o do seu uso ou de obter uma c\u00f3pia dos mesmos, sempre sem preju\u00edzo da possibilidade de alterar ou revogar o seu consentimento ou opor-se ao uso dos seus dados.<\/p><h2>8. Encarregado da prote\u00e7\u00e3o de dados (Data Protection Officer)<\/h2><p>O Encarregado da prote\u00e7\u00e3o de dados, nos termos do art. 37.\u00ba do Regulamento, poder\u00e1 ser contactado para o endere\u00e7o e-mail geral@urbooweyewear.com<\/p><h2>9. Qual a legisla\u00e7\u00e3o aplic\u00e1vel ao tratamento dos seus dados?<\/h2><p>O tratamento dos teus dados far-se-\u00e1 nos termos do Regulamento UE 679\/2016 Regulamento geral sobre a prote\u00e7\u00e3o dos dados e do direito interno aplic\u00e1vel nesta mat\u00e9ria, na medida em que esta legisla\u00e7\u00e3o se mantenha vigente ap\u00f3s a entrada em vigor do Regulamento (25 de maio de 2018).<\/p>\t\t\t\t\t\t\t\t<\/div>\n\t\t\t\t<\/div>\n\t\t\t\t\t<\/div>\n\t\t\t\t<\/div>\n\t\t\t\t<\/div>","protected":false},"excerpt":{"rendered":"<p>1. O que \u00e9 um cookie e para que serve? Os cookies foram criados em 1994 por Lou Montulli, um funcion\u00e1rio da Netscape, para resolver problemas respeitantes \u00e0s limita\u00e7\u00f5es na identifica\u00e7\u00e3o dos computadores ligados a uma p\u00e1gina na internet. Sem os cookies, os sites n\u00e3o conseguem saber se dois pedidos t\u00eam origem no mesmo dispositivo&#8230;<\/p>","protected":false},"author":1,"featured_media":0,"parent":0,"menu_order":0,"comment_status":"closed","ping_status":"closed","template":"","meta":{"_bst_post_transparent":"","_bst_post_title":"default","_bst_post_layout":"default","_bst_post_sidebar_id":"","_bst_post_content_style":"unboxed","_bst_post_vertical_padding":"default","_bst_post_feature":"hide","_bst_post_feature_position":"","_bst_post_header":false,"_bst_post_footer":false,"footnotes":""},"class_list":["post-60","page","type-page","status-publish","hentry"],"yoast_head":"<!-- This site is optimized with the Yoast SEO plugin v27.1.1 - https:\/\/yoast.com\/product\/yoast-seo-wordpress\/ -->\n<title>Cookies - Urboow Eyewear<\/title>\n<meta name=\"robots\" content=\"index, follow, max-snippet:-1, max-image-preview:large, max-video-preview:-1\" \/>\n<link rel=\"canonical\" href=\"https:\/\/urbooweyewear.com\/en\/cookies\/\" \/>\n<meta property=\"og:locale\" content=\"en_GB\" \/>\n<meta property=\"og:type\" content=\"article\" \/>\n<meta property=\"og:title\" content=\"Cookies - Urboow Eyewear\" \/>\n<meta property=\"og:description\" content=\"1. O que \u00e9 um cookie e para que serve? Os cookies foram criados em 1994 por Lou Montulli, um funcion\u00e1rio da Netscape, para resolver problemas respeitantes \u00e0s limita\u00e7\u00f5es na identifica\u00e7\u00e3o dos computadores ligados a uma p\u00e1gina na internet. Sem os cookies, os sites n\u00e3o conseguem saber se dois pedidos t\u00eam origem no mesmo dispositivo...\" \/>\n<meta property=\"og:url\" content=\"https:\/\/urbooweyewear.com\/en\/cookies\/\" \/>\n<meta property=\"og:site_name\" content=\"Urboow Eyewear\" \/>\n<meta property=\"article:publisher\" content=\"https:\/\/www.facebook.com\/Urboow.Eyewear\/\" \/>\n<meta property=\"article:modified_time\" content=\"2025-07-28T14:55:04+00:00\" \/>\n<meta name=\"twitter:card\" content=\"summary_large_image\" \/>\n<meta name=\"twitter:label1\" content=\"Estimated reading time\" \/>\n\t<meta name=\"twitter:data1\" content=\"12 minutes\" \/>\n<script type=\"application\/ld+json\" class=\"yoast-schema-graph\">{\"@context\":\"https:\/\/schema.org\",\"@graph\":[{\"@type\":\"WebPage\",\"@id\":\"https:\/\/urbooweyewear.com\/cookies\/\",\"url\":\"https:\/\/urbooweyewear.com\/cookies\/\",\"name\":\"Cookies - Urboow Eyewear\",\"isPartOf\":{\"@id\":\"https:\/\/urbooweyewear.com\/#website\"},\"datePublished\":\"2023-10-05T04:26:55+00:00\",\"dateModified\":\"2025-07-28T14:55:04+00:00\",\"breadcrumb\":{\"@id\":\"https:\/\/urbooweyewear.com\/cookies\/#breadcrumb\"},\"inLanguage\":\"en-GB\",\"potentialAction\":[{\"@type\":\"ReadAction\",\"target\":[\"https:\/\/urbooweyewear.com\/cookies\/\"]}]},{\"@type\":\"BreadcrumbList\",\"@id\":\"https:\/\/urbooweyewear.com\/cookies\/#breadcrumb\",\"itemListElement\":[{\"@type\":\"ListItem\",\"position\":1,\"name\":\"In\u00edcio\",\"item\":\"https:\/\/urbooweyewear.com\/\"},{\"@type\":\"ListItem\",\"position\":2,\"name\":\"Cookies\"}]},{\"@type\":\"WebSite\",\"@id\":\"https:\/\/urbooweyewear.com\/#website\",\"url\":\"https:\/\/urbooweyewear.com\/\",\"name\":\"Urboow Eyewear\",\"description\":\"Urboow Eyewear - \u00d3culos de Sol\",\"publisher\":{\"@id\":\"https:\/\/urbooweyewear.com\/#organization\"},\"alternateName\":\"Urboow Eyewear\",\"potentialAction\":[{\"@type\":\"SearchAction\",\"target\":{\"@type\":\"EntryPoint\",\"urlTemplate\":\"https:\/\/urbooweyewear.com\/?s={search_term_string}\"},\"query-input\":{\"@type\":\"PropertyValueSpecification\",\"valueRequired\":true,\"valueName\":\"search_term_string\"}}],\"inLanguage\":\"en-GB\"},{\"@type\":\"Organization\",\"@id\":\"https:\/\/urbooweyewear.com\/#organization\",\"name\":\"Urboow Eyewear\",\"alternateName\":\"Urboow Eyewear\",\"url\":\"https:\/\/urbooweyewear.com\/\",\"logo\":{\"@type\":\"ImageObject\",\"inLanguage\":\"en-GB\",\"@id\":\"https:\/\/urbooweyewear.com\/#\/schema\/logo\/image\/\",\"url\":\"https:\/\/urbooweyewear.com\/wp-content\/uploads\/2025\/04\/LOGOTIPO-FINAL-2025-PRETO.svg\",\"contentUrl\":\"https:\/\/urbooweyewear.com\/wp-content\/uploads\/2025\/04\/LOGOTIPO-FINAL-2025-PRETO.svg\",\"width\":841,\"height\":595,\"caption\":\"Urboow Eyewear\"},\"image\":{\"@id\":\"https:\/\/urbooweyewear.com\/#\/schema\/logo\/image\/\"},\"sameAs\":[\"https:\/\/www.facebook.com\/Urboow.Eyewear\/\",\"https:\/\/www.instagram.com\/urboow.eyewear\/\"]}]}<\/script>\n<!-- \/ Yoast SEO plugin. -->","yoast_head_json":{"title":"Cookies - Urboow Eyewear","robots":{"index":"index","follow":"follow","max-snippet":"max-snippet:-1","max-image-preview":"max-image-preview:large","max-video-preview":"max-video-preview:-1"},"canonical":"https:\/\/urbooweyewear.com\/en\/cookies\/","og_locale":"en_GB","og_type":"article","og_title":"Cookies - Urboow Eyewear","og_description":"1. O que \u00e9 um cookie e para que serve? Os cookies foram criados em 1994 por Lou Montulli, um funcion\u00e1rio da Netscape, para resolver problemas respeitantes \u00e0s limita\u00e7\u00f5es na identifica\u00e7\u00e3o dos computadores ligados a uma p\u00e1gina na internet. Sem os cookies, os sites n\u00e3o conseguem saber se dois pedidos t\u00eam origem no mesmo dispositivo...","og_url":"https:\/\/urbooweyewear.com\/en\/cookies\/","og_site_name":"Urboow Eyewear","article_publisher":"https:\/\/www.facebook.com\/Urboow.Eyewear\/","article_modified_time":"2025-07-28T14:55:04+00:00","twitter_card":"summary_large_image","twitter_misc":{"Estimated reading time":"12 minutes"},"schema":{"@context":"https:\/\/schema.org","@graph":[{"@type":"WebPage","@id":"https:\/\/urbooweyewear.com\/cookies\/","url":"https:\/\/urbooweyewear.com\/cookies\/","name":"Cookies - Urboow Eyewear","isPartOf":{"@id":"https:\/\/urbooweyewear.com\/#website"},"datePublished":"2023-10-05T04:26:55+00:00","dateModified":"2025-07-28T14:55:04+00:00","breadcrumb":{"@id":"https:\/\/urbooweyewear.com\/cookies\/#breadcrumb"},"inLanguage":"en-GB","potentialAction":[{"@type":"ReadAction","target":["https:\/\/urbooweyewear.com\/cookies\/"]}]},{"@type":"BreadcrumbList","@id":"https:\/\/urbooweyewear.com\/cookies\/#breadcrumb","itemListElement":[{"@type":"ListItem","position":1,"name":"In\u00edcio","item":"https:\/\/urbooweyewear.com\/"},{"@type":"ListItem","position":2,"name":"Cookies"}]},{"@type":"WebSite","@id":"https:\/\/urbooweyewear.com\/#website","url":"https:\/\/urbooweyewear.com\/","name":"Urboow Eyewear","description":"Urboow Eyewear - \u00d3culos de Sol","publisher":{"@id":"https:\/\/urbooweyewear.com\/#organization"},"alternateName":"Urboow Eyewear","potentialAction":[{"@type":"SearchAction","target":{"@type":"EntryPoint","urlTemplate":"https:\/\/urbooweyewear.com\/?s={search_term_string}"},"query-input":{"@type":"PropertyValueSpecification","valueRequired":true,"valueName":"search_term_string"}}],"inLanguage":"en-GB"},{"@type":"Organization","@id":"https:\/\/urbooweyewear.com\/#organization","name":"Urboow Eyewear","alternateName":"Urboow Eyewear","url":"https:\/\/urbooweyewear.com\/","logo":{"@type":"ImageObject","inLanguage":"en-GB","@id":"https:\/\/urbooweyewear.com\/#\/schema\/logo\/image\/","url":"https:\/\/urbooweyewear.com\/wp-content\/uploads\/2025\/04\/LOGOTIPO-FINAL-2025-PRETO.svg","contentUrl":"https:\/\/urbooweyewear.com\/wp-content\/uploads\/2025\/04\/LOGOTIPO-FINAL-2025-PRETO.svg","width":841,"height":595,"caption":"Urboow Eyewear"},"image":{"@id":"https:\/\/urbooweyewear.com\/#\/schema\/logo\/image\/"},"sameAs":["https:\/\/www.facebook.com\/Urboow.Eyewear\/","https:\/\/www.instagram.com\/urboow.eyewear\/"]}]}},"jetpack_sharing_enabled":true,"_links":{"self":[{"href":"https:\/\/urbooweyewear.com\/en\/wp-json\/wp\/v2\/pages\/60","targetHints":{"allow":["GET"]}}],"collection":[{"href":"https:\/\/urbooweyewear.com\/en\/wp-json\/wp\/v2\/pages"}],"about":[{"href":"https:\/\/urbooweyewear.com\/en\/wp-json\/wp\/v2\/types\/page"}],"author":[{"embeddable":true,"href":"https:\/\/urbooweyewear.com\/en\/wp-json\/wp\/v2\/users\/1"}],"replies":[{"embeddable":true,"href":"https:\/\/urbooweyewear.com\/en\/wp-json\/wp\/v2\/comments?post=60"}],"version-history":[{"count":6,"href":"https:\/\/urbooweyewear.com\/en\/wp-json\/wp\/v2\/pages\/60\/revisions"}],"predecessor-version":[{"id":1293,"href":"https:\/\/urbooweyewear.com\/en\/wp-json\/wp\/v2\/pages\/60\/revisions\/1293"}],"wp:attachment":[{"href":"https:\/\/urbooweyewear.com\/en\/wp-json\/wp\/v2\/media?parent=60"}],"curies":[{"name":"wp","href":"https:\/\/api.w.org\/{rel}","templated":true}]}}