{"id":743,"date":"2023-02-14T16:40:09","date_gmt":"2023-02-14T16:40:09","guid":{"rendered":"https:\/\/demo.webdigify.com\/WCM02\/WCM043_eyestyle\/?page_id=25"},"modified":"2025-07-28T14:54:04","modified_gmt":"2025-07-28T14:54:04","slug":"condicoes","status":"publish","type":"page","link":"https:\/\/urbooweyewear.com\/en\/condicoes\/","title":{"rendered":"General Conditions"},"content":{"rendered":"<div data-elementor-type=\"wp-page\" data-elementor-id=\"743\" class=\"elementor elementor-743\" data-elementor-post-type=\"page\">\n\t\t\t\t\t\t<section class=\"elementor-section elementor-top-section elementor-element elementor-element-d7356d6 elementor-section-boxed elementor-section-height-default elementor-section-height-default\" data-id=\"d7356d6\" data-element_type=\"section\" data-e-type=\"section\">\n\t\t\t\t\t\t<div class=\"elementor-container elementor-column-gap-default\">\n\t\t\t\t\t<div class=\"elementor-column elementor-col-100 elementor-top-column elementor-element elementor-element-b6ab7fc\" data-id=\"b6ab7fc\" data-element_type=\"column\" data-e-type=\"column\">\n\t\t\t<div class=\"elementor-widget-wrap elementor-element-populated\">\n\t\t\t\t\t\t<div class=\"elementor-element elementor-element-4a8334a elementor-widget elementor-widget-text-editor\" data-id=\"4a8334a\" data-element_type=\"widget\" data-e-type=\"widget\" data-widget_type=\"text-editor.default\">\n\t\t\t\t<div class=\"elementor-widget-container\">\n\t\t\t\t\t\t\t\t\t<p>Com a presente pol\u00edtica,\u00a0Urboow Fashionable Eyewear\u00a0pretende informar os utentes do site na internet \u201cwww.urbooweyewear.com\u201d (doravante designado o &#8220;Site&#8221;) sobre a pol\u00edtica adotada em mat\u00e9ria de Prote\u00e7\u00e3o de dados pessoais, sublinhando o empenho e a aten\u00e7\u00e3o demonstrados em rela\u00e7\u00e3o \u00e0 defesa da privacidade dos utilizadores do Site. Pedimos-lhe que leia atentamente a nossa Pol\u00edtica em mat\u00e9ria de Privacidade aplic\u00e1vel, tanto no caso de aceder ao site na internet e decidir somente navegar no site utilizando os nossos servi\u00e7os sem comprar qualquer produto, como no caso de decidir comprar algum produto.<\/p><p>Queira, tamb\u00e9m, por favor, ler, no caso de ainda n\u00e3o o ter feito, as Condi\u00e7\u00f5es de Utiliza\u00e7\u00e3o do Site porque apresentam informa\u00e7\u00f5es importantes, nomeadamente, sobre os sistemas de seguran\u00e7a adotados pelo Site.<\/p><p>A navega\u00e7\u00e3o no Site \u00e9 livre e n\u00e3o carece de qualquer tipo de registo, com exce\u00e7\u00e3o de algumas \u00e1reas em que o utilizador poder\u00e1, de forma expressa e volunt\u00e1ria, fornecer alguns dados que lhe digam respeito para aceder a servi\u00e7os espec\u00edficos (por ex., para poder comprar produtos, inscrever-se no boletim informativo ou para solicitar informa\u00e7\u00f5es, etc.). Ou seja, nos casos em que o utilizador pretenda fornecer os seus dados pessoais para aceder a esses servi\u00e7os, ser\u00e1 expressamente informado nos termos do Decreto legislativo de 30 de junho de 2003, n.\u00ba 196, \u201cC\u00f3digo italiano em mat\u00e9ria de prote\u00e7\u00e3o dos dados pessoais\u201d, (o \u201cC\u00f3digo\u201d) e do Regulamento (UE) 679\/2016 \u201cRegulamento Geral sobre a Prote\u00e7\u00e3o de Dados\u201d (o \u201cRegulamento\u201d) com indica\u00e7\u00e3o (a t\u00edtulo exemplificativo) das finalidades e dos meios de utiliza\u00e7\u00e3o dos dados por parte de Urboow Fashionable Eyewear, assim como o direito de requerer, a todo o tempo, a sua atualiza\u00e7\u00e3o ou apagamento. Toda a refer\u00eancia ao C\u00f3digo constante da Pol\u00edtica em mat\u00e9ria de Privacidade e do Site em geral, dever\u00e1 ser entendida como v\u00e1lida e eficaz nos limites e na medida em que as normas pertinentes se mantiverem vigentes posteriormente \u00e0 data de entrada em vigor do Regulamento (25 de maio de 2018).<\/p><p>O site web n\u00e3o \u00e9 destinado \u00e0 utiliza\u00e7\u00e3o por crian\u00e7as de idade inferior a 16 anos, a quem \u00e9 vedada a cria\u00e7\u00e3o de uma conta ou o fornecimento de informa\u00e7\u00f5es pessoais que lhe digam respeito.<\/p><p>Nos termos e para os efeitos do C\u00f3digo e do Regulamento, a Urboow Fashionable Eyewear fornecer\u00e1 as seguintes informa\u00e7\u00f5es.<\/p><h2>1. O Respons\u00e1vel pelo tratamento e o Subcontratante<\/h2><p>O Respons\u00e1vel pelo tratamento dos dados pessoais \u00e9 Urboow Fashionable Eyewear, com sede em Zona Industrial da Adi\u00e7a LT5, 3460-321 Mouraz Tondela e NIF 515930105, Registo na CRC Tondela n.\u00ba 515930105, C.S. \u20ac 5.000 i.v., email geral@urbooweyewear.com.<\/p><p>O Encarregado da prote\u00e7\u00e3o de dados, nos termos do art. 37.\u00ba do Regulamento, poder\u00e1 ser contactado para o endere\u00e7o e-mail geral@urbooweyewear.com.<\/p><h2>2. Categorias de dados pessoais tratados<\/h2><p>Para aceder ao Site n\u00e3o \u00e9 necess\u00e1rio qualquer tipo de registo. Todavia, h\u00e1 sec\u00e7\u00f5es no Site que exigem um registo ou a utiliza\u00e7\u00e3o de um nome de utilizador e de uma palavra-passe (por ex., para se registar na \u00e1rea pessoal ou para concluir o processo de compra on-line), assim como, servi\u00e7os cuja utiliza\u00e7\u00e3o carece do fornecimento dos dados pessoais (por ex., os seus dados poder\u00e3o ser necess\u00e1rios para aceder ao servi\u00e7o de boletim informativo, para nos contactar, etc.).<\/p><p>No que se refere aos dados relativos \u00e0 navega\u00e7\u00e3o no Site, ver, por favor, o ponto 6 seguinte respeitante aos Instrumentos para defini\u00e7\u00e3o de perfis utilizados pelo Site.<\/p><h2>3. Car\u00e1cter facultativo do fornecimento dos dados pessoais<\/h2><p>O fornecimento dos dados pessoais tem, em geral, car\u00e1cter facultativo. Apenas em determinados casos o n\u00e3o fornecimento dos dados poder\u00e1 implicar a impossibilidade de aceder a servi\u00e7os espec\u00edficos e a satisfazer os seus pedidos (por ex., o registo &#8211; e o fornecimento dos dados pessoais, do endere\u00e7o de correio eletr\u00f3nico, do endere\u00e7o postal, dos dados referentes ao cart\u00e3o de cr\u00e9dito\/d\u00e9bito ou os dados banc\u00e1rios, do n\u00famero de telefone &#8211; \u00e9 necess\u00e1rio para proceder \u00e0 compra de produtos on-line); o n\u00e3o fornecimento desses dados poder\u00e1 impedir que\u00a0a Urboow Fashionable Eyewear consinta o acesso aos servi\u00e7os do Site ou que responda aos pedidos dos utilizadores.<\/p><p>Os dados que, caso a caso, forem necess\u00e1rios, ser\u00e3o indicados nos formul\u00e1rios para recolha de dados constantes do Site &#8211; por exemplo, indicados com um (*) &#8211; e as consequ\u00eancias do seu n\u00e3o fornecimento ser\u00e3o indicadas nas informa\u00e7\u00f5es espec\u00edficas presentes nas p\u00e1ginas de recolha dos dados.<\/p><h2>4. Finalidade<\/h2><p>Os dados s\u00e3o recolhidos e tratados para finalidades diretamente ligadas \u00e0 utiliza\u00e7\u00e3o do Site, dos seus servi\u00e7os e da compra de produtos on-line. Sempre que se proceda \u00e0 recolha de dados, as suas finalidades de utiliza\u00e7\u00e3o s\u00e3o indicadas de forma detalhada nas informa\u00e7\u00f5es espec\u00edficas constantes do Site. Queira, portanto, ler as informa\u00e7\u00f5es que, caso a caso, ilustram a forma de tratamento dos dados desenvolvida pela Urboow Fashionable Eyewear (por ex., para registo no servi\u00e7o de boletim informativo, para aceder \u00e0 \u00e1rea pessoal, etc.). O tratamento dos seus dados far-se-\u00e1 na plena observ\u00e2ncia da legisla\u00e7\u00e3o em mat\u00e9ria de privacidade.<\/p><h2>5. Modo, dura\u00e7\u00e3o do tratamento dos dados e \u00e2mbito de comunica\u00e7\u00e3o<\/h2><p>Os dados poder\u00e3o ser tratados, seja em suporte eletr\u00f3nico, seja em papel (por ex., para a gest\u00e3o das compras efetuadas no Site). Urboow Fashionable Eyewear compromete-se a garantir a licitude do tratamento e a exatid\u00e3o dos dados pessoais fornecidos atrav\u00e9s do Site, no pleno respeito pela legisla\u00e7\u00e3o em vigor, assim como, a m\u00e1xima confidencialidade dos dados fornecidos aquando do registo. Todas as informa\u00e7\u00f5es recolhidas ser\u00e3o transmitidas atrav\u00e9s de uma liga\u00e7\u00e3o segura por forma a impedir a interse\u00e7\u00e3o por parte de estranhos.<\/p><p>Os dados eventualmente fornecidos pelos utilizadores ser\u00e3o tratados durante os per\u00edodos previstos nas informa\u00e7\u00f5es espec\u00edficas fornecidas no momento da sua recolha.<\/p><p>No que concerne ao per\u00edodo de conserva\u00e7\u00e3o dos dados recolhidos atrav\u00e9s da utiliza\u00e7\u00e3o de instrumentos que visam a defini\u00e7\u00e3o de perfis (por ex., cookies), queira, por favor, consultar a nossa Pol\u00edtica em mat\u00e9ria de Cookies.<\/p><p>Os dados s\u00f3 ser\u00e3o comunicados ou divulgados a terceiros, nos limites e nas condi\u00e7\u00f5es expressamente indicados na pol\u00edtica que, caso a caso, ser\u00e1 fornecida ao utilizador, e somente ap\u00f3s pr\u00e9via autoriza\u00e7\u00e3o do mesmo.<\/p><h2>6. Liga\u00e7\u00e3o a outros sites<\/h2><p>A presente pol\u00edtica \u00e9 aplic\u00e1vel apenas ao site www.urbooweyewear.com e n\u00e3o a outros sites na internet eventualmente consultados pelo utilizador atrav\u00e9s de hiperliga\u00e7\u00f5es constantes do Site. Urboow Fashionable Eyewear n\u00e3o poder\u00e1 ser responsabilizado pelos dados pessoais fornecidos pelos utilizadores a entidades externas ou a eventuais sites na internet ligados ao presente Site.<\/p><h2>7. Instrumentos para defini\u00e7\u00e3o de perfis e\/ou para personaliza\u00e7\u00e3o<\/h2><p>Urboow Fashionable Eyewear n\u00e3o desenvolver\u00e1 qualquer atividade de comunica\u00e7\u00e3o promocional e\/ou publicit\u00e1ria sem o pr\u00e9vio consentimento expresso do utilizador.<\/p><p>O Site utiliza \u201ccookies\u201d, tanto t\u00e9cnicos (ou seja, para facilitar a navega\u00e7\u00e3o e a utiliza\u00e7\u00e3o do Site), como para defini\u00e7\u00e3o de perfis (ou seja, para analisar os utilizadores e os seus comportamentos e prefer\u00eancias, e enviar-lhes publicidade personalizada).<\/p><p>Para uma informa\u00e7\u00e3o mais detalhada em mat\u00e9ria de cookies utilizados pelo Site e de como proceder \u00e0 sua desativa\u00e7\u00e3o, queira consultar a nossa Pol\u00edtica em mat\u00e9ria de Cookies.<\/p><h2>8. Lugar de tratamento dos dados<\/h2><p>O tratamento de dados relacionado com os servi\u00e7os fornecidos pelo Site \u00e9 desenvolvido na sede de Urboow Fashionable Eyewear indicada no ponto 1 anterior pelas pessoas respons\u00e1veis pelo seu tratamento no Departamento Comercial e de Marketing.<\/p><h2>9. Direitos dos interessados<\/h2><p>Mediante comunica\u00e7\u00e3o a enviar para geral@urbooweyewear.com, poder\u00e1, em qualquer momento, exercer os direitos previstos nos artigos 15.\u00ba a 23.\u00ba do Regulamento, nomeadamente, o direito de saber quais os dados objeto de tratamento, os meios e para que finalidades s\u00e3o utilizados, de retifica\u00e7\u00e3o ou apagamento, de solicitar a limita\u00e7\u00e3o do uso dos seus dados, de pedir para receber ou transmitir os seus dados, sempre sem preju\u00edzo da possibilidade de altera\u00e7\u00e3o do consentimento eventualmente fornecido. Poder\u00e1 sempre, tamb\u00e9m, opor-se ao tratamento dos seus dados, em especial, se realizado para finalidades de marketing ou de an\u00e1lise das suas prefer\u00eancias.<\/p><h2>10. A quem poder\u00e1 dirigir-se para apresentar uma reclama\u00e7\u00e3o<\/h2><p>Relembramos que, no caso de n\u00e3o ficar satisfeito com as respostas recebidas de Urboow Fashionable Eyewear (nos termos do par\u00e1grafo 8 supra), poder\u00e1, se considerar que o tratamento dos dados que lhe dizem respeito viola as disposi\u00e7\u00f5es pertinentes do Regulamento, apresentar reclama\u00e7\u00e3o \u00e0 Autoridade para a Prote\u00e7\u00e3o de Dados, ou \u00e0 autoridade de controlo competente do pa\u00eds da tua resid\u00eancia habitual, do teu local de trabalho ou do local onde foi alegadamente praticada a infra\u00e7\u00e3o.<\/p><h2>11. Legisla\u00e7\u00e3o aplic\u00e1vel<\/h2><p>A presente Pol\u00edtica em mat\u00e9ria de Privacidade est\u00e1 em conformidade com o Regulamento (UE) 679\/2016 e com o direito interno aplic\u00e1vel nesta mat\u00e9ria, na medida em que esta legisla\u00e7\u00e3o se mantenha vigente ap\u00f3s a entrada em vigor do Regulamento (25 de maio de 2018).<\/p><p>O Regulamento garante o tratamento dos dados pessoais no respeito dos direitos e das liberdades fundamentais, bem como, da dignidade do interessado, com especial refer\u00eancia \u00e0 sua confidencialidade, identidade pessoal e ao direito \u00e0 prote\u00e7\u00e3o dos dados pessoais.<\/p><h2>12. Cl\u00e1usula de revis\u00e3o<\/h2><p>Urboow Fashionable Eyewear reserva-se o direito de rever, alterar, ou simplesmente atualizar, no todo ou em parte, \u00e0 sua inteira discri\u00e7\u00e3o, seja de que forma for e\/ou em qualquer momento, sem aviso pr\u00e9vio, a presente Pol\u00edtica em mat\u00e9ria de Privacidade, nomeadamente, em virtude de altera\u00e7\u00f5es legislativas ou regulamentares em mat\u00e9ria de prote\u00e7\u00e3o dos dados pessoais. As altera\u00e7\u00f5es e atualiza\u00e7\u00f5es da Pol\u00edtica em mat\u00e9ria de Privacidade ser\u00e3o notificadas aos utilizadores mediante (i) envio de e-mail aos utilizadores registados no Site e (ii) publica\u00e7\u00e3o na P\u00e1gina Inicial (Home Page) do Site, sendo de aplica\u00e7\u00e3o obrigat\u00f3ria logo ap\u00f3s a sua publica\u00e7\u00e3o e comunica\u00e7\u00e3o. Aconselhamos, portanto, que aceda com uma certa regularidade a esta sec\u00e7\u00e3o para verificar a publica\u00e7\u00e3o da vers\u00e3o mais recente e atualizada da Pol\u00edtica em mat\u00e9ria de Privacidade ou para verificar a vossa caixa de correio eletr\u00f3nico.<\/p>\t\t\t\t\t\t\t\t<\/div>\n\t\t\t\t<\/div>\n\t\t\t\t\t<\/div>\n\t\t<\/div>\n\t\t\t\t\t<\/div>\n\t\t<\/section>\n\t\t\t\t<\/div>","protected":false},"excerpt":{"rendered":"<p>Com a presente pol\u00edtica,\u00a0Urboow Fashionable Eyewear\u00a0pretende informar os utentes do site na internet \u201cwww.urbooweyewear.com\u201d (doravante designado o &#8220;Site&#8221;) sobre a pol\u00edtica adotada em mat\u00e9ria de Prote\u00e7\u00e3o de dados pessoais, sublinhando o empenho e a aten\u00e7\u00e3o demonstrados em rela\u00e7\u00e3o \u00e0 defesa da privacidade dos utilizadores do Site. Pedimos-lhe que leia atentamente a nossa Pol\u00edtica em mat\u00e9ria&#8230;<\/p>","protected":false},"author":1,"featured_media":0,"parent":0,"menu_order":0,"comment_status":"closed","ping_status":"closed","template":"","meta":{"_bst_post_transparent":"","_bst_post_title":"default","_bst_post_layout":"default","_bst_post_sidebar_id":"","_bst_post_content_style":"unboxed","_bst_post_vertical_padding":"default","_bst_post_feature":"hide","_bst_post_feature_position":"","_bst_post_header":false,"_bst_post_footer":false,"footnotes":""},"class_list":["post-743","page","type-page","status-publish","hentry"],"yoast_head":"<!-- This site is optimized with the Yoast SEO plugin v27.1.1 - https:\/\/yoast.com\/product\/yoast-seo-wordpress\/ -->\n<title>Condi\u00e7\u00f5es Gerais - Urboow Eyewear<\/title>\n<meta name=\"robots\" content=\"index, follow, max-snippet:-1, max-image-preview:large, max-video-preview:-1\" \/>\n<link rel=\"canonical\" href=\"https:\/\/urbooweyewear.com\/en\/condicoes\/\" \/>\n<meta property=\"og:locale\" content=\"en_GB\" \/>\n<meta property=\"og:type\" content=\"article\" \/>\n<meta property=\"og:title\" content=\"Condi\u00e7\u00f5es Gerais - Urboow Eyewear\" \/>\n<meta property=\"og:description\" content=\"Com a presente pol\u00edtica,\u00a0Urboow Fashionable Eyewear\u00a0pretende informar os utentes do site na internet \u201cwww.urbooweyewear.com\u201d (doravante designado o &#8220;Site&#8221;) sobre a pol\u00edtica adotada em mat\u00e9ria de Prote\u00e7\u00e3o de dados pessoais, sublinhando o empenho e a aten\u00e7\u00e3o demonstrados em rela\u00e7\u00e3o \u00e0 defesa da privacidade dos utilizadores do Site. Pedimos-lhe que leia atentamente a nossa Pol\u00edtica em mat\u00e9ria...\" \/>\n<meta property=\"og:url\" content=\"https:\/\/urbooweyewear.com\/en\/condicoes\/\" \/>\n<meta property=\"og:site_name\" content=\"Urboow Eyewear\" \/>\n<meta property=\"article:publisher\" content=\"https:\/\/www.facebook.com\/Urboow.Eyewear\/\" \/>\n<meta property=\"article:modified_time\" content=\"2025-07-28T14:54:04+00:00\" \/>\n<meta name=\"twitter:card\" content=\"summary_large_image\" \/>\n<meta name=\"twitter:label1\" content=\"Estimated reading time\" \/>\n\t<meta name=\"twitter:data1\" content=\"9 minutes\" \/>\n<script type=\"application\/ld+json\" class=\"yoast-schema-graph\">{\"@context\":\"https:\/\/schema.org\",\"@graph\":[{\"@type\":\"WebPage\",\"@id\":\"https:\/\/urbooweyewear.com\/condicoes\/\",\"url\":\"https:\/\/urbooweyewear.com\/condicoes\/\",\"name\":\"Condi\u00e7\u00f5es Gerais - Urboow Eyewear\",\"isPartOf\":{\"@id\":\"https:\/\/urbooweyewear.com\/#website\"},\"datePublished\":\"2023-02-14T16:40:09+00:00\",\"dateModified\":\"2025-07-28T14:54:04+00:00\",\"breadcrumb\":{\"@id\":\"https:\/\/urbooweyewear.com\/condicoes\/#breadcrumb\"},\"inLanguage\":\"en-GB\",\"potentialAction\":[{\"@type\":\"ReadAction\",\"target\":[\"https:\/\/urbooweyewear.com\/condicoes\/\"]}]},{\"@type\":\"BreadcrumbList\",\"@id\":\"https:\/\/urbooweyewear.com\/condicoes\/#breadcrumb\",\"itemListElement\":[{\"@type\":\"ListItem\",\"position\":1,\"name\":\"In\u00edcio\",\"item\":\"https:\/\/urbooweyewear.com\/\"},{\"@type\":\"ListItem\",\"position\":2,\"name\":\"Condi\u00e7\u00f5es Gerais\"}]},{\"@type\":\"WebSite\",\"@id\":\"https:\/\/urbooweyewear.com\/#website\",\"url\":\"https:\/\/urbooweyewear.com\/\",\"name\":\"Urboow Eyewear\",\"description\":\"Urboow Eyewear - \u00d3culos de Sol\",\"publisher\":{\"@id\":\"https:\/\/urbooweyewear.com\/#organization\"},\"alternateName\":\"Urboow Eyewear\",\"potentialAction\":[{\"@type\":\"SearchAction\",\"target\":{\"@type\":\"EntryPoint\",\"urlTemplate\":\"https:\/\/urbooweyewear.com\/?s={search_term_string}\"},\"query-input\":{\"@type\":\"PropertyValueSpecification\",\"valueRequired\":true,\"valueName\":\"search_term_string\"}}],\"inLanguage\":\"en-GB\"},{\"@type\":\"Organization\",\"@id\":\"https:\/\/urbooweyewear.com\/#organization\",\"name\":\"Urboow Eyewear\",\"alternateName\":\"Urboow Eyewear\",\"url\":\"https:\/\/urbooweyewear.com\/\",\"logo\":{\"@type\":\"ImageObject\",\"inLanguage\":\"en-GB\",\"@id\":\"https:\/\/urbooweyewear.com\/#\/schema\/logo\/image\/\",\"url\":\"https:\/\/urbooweyewear.com\/wp-content\/uploads\/2025\/04\/LOGOTIPO-FINAL-2025-PRETO.svg\",\"contentUrl\":\"https:\/\/urbooweyewear.com\/wp-content\/uploads\/2025\/04\/LOGOTIPO-FINAL-2025-PRETO.svg\",\"width\":841,\"height\":595,\"caption\":\"Urboow Eyewear\"},\"image\":{\"@id\":\"https:\/\/urbooweyewear.com\/#\/schema\/logo\/image\/\"},\"sameAs\":[\"https:\/\/www.facebook.com\/Urboow.Eyewear\/\",\"https:\/\/www.instagram.com\/urboow.eyewear\/\"]}]}<\/script>\n<!-- \/ Yoast SEO plugin. -->","yoast_head_json":{"title":"Condi\u00e7\u00f5es Gerais - Urboow Eyewear","robots":{"index":"index","follow":"follow","max-snippet":"max-snippet:-1","max-image-preview":"max-image-preview:large","max-video-preview":"max-video-preview:-1"},"canonical":"https:\/\/urbooweyewear.com\/en\/condicoes\/","og_locale":"en_GB","og_type":"article","og_title":"Condi\u00e7\u00f5es Gerais - Urboow Eyewear","og_description":"Com a presente pol\u00edtica,\u00a0Urboow Fashionable Eyewear\u00a0pretende informar os utentes do site na internet \u201cwww.urbooweyewear.com\u201d (doravante designado o &#8220;Site&#8221;) sobre a pol\u00edtica adotada em mat\u00e9ria de Prote\u00e7\u00e3o de dados pessoais, sublinhando o empenho e a aten\u00e7\u00e3o demonstrados em rela\u00e7\u00e3o \u00e0 defesa da privacidade dos utilizadores do Site. Pedimos-lhe que leia atentamente a nossa Pol\u00edtica em mat\u00e9ria...","og_url":"https:\/\/urbooweyewear.com\/en\/condicoes\/","og_site_name":"Urboow Eyewear","article_publisher":"https:\/\/www.facebook.com\/Urboow.Eyewear\/","article_modified_time":"2025-07-28T14:54:04+00:00","twitter_card":"summary_large_image","twitter_misc":{"Estimated reading time":"9 minutes"},"schema":{"@context":"https:\/\/schema.org","@graph":[{"@type":"WebPage","@id":"https:\/\/urbooweyewear.com\/condicoes\/","url":"https:\/\/urbooweyewear.com\/condicoes\/","name":"Condi\u00e7\u00f5es Gerais - Urboow Eyewear","isPartOf":{"@id":"https:\/\/urbooweyewear.com\/#website"},"datePublished":"2023-02-14T16:40:09+00:00","dateModified":"2025-07-28T14:54:04+00:00","breadcrumb":{"@id":"https:\/\/urbooweyewear.com\/condicoes\/#breadcrumb"},"inLanguage":"en-GB","potentialAction":[{"@type":"ReadAction","target":["https:\/\/urbooweyewear.com\/condicoes\/"]}]},{"@type":"BreadcrumbList","@id":"https:\/\/urbooweyewear.com\/condicoes\/#breadcrumb","itemListElement":[{"@type":"ListItem","position":1,"name":"In\u00edcio","item":"https:\/\/urbooweyewear.com\/"},{"@type":"ListItem","position":2,"name":"Condi\u00e7\u00f5es Gerais"}]},{"@type":"WebSite","@id":"https:\/\/urbooweyewear.com\/#website","url":"https:\/\/urbooweyewear.com\/","name":"Urboow Eyewear","description":"Urboow Eyewear - \u00d3culos de Sol","publisher":{"@id":"https:\/\/urbooweyewear.com\/#organization"},"alternateName":"Urboow Eyewear","potentialAction":[{"@type":"SearchAction","target":{"@type":"EntryPoint","urlTemplate":"https:\/\/urbooweyewear.com\/?s={search_term_string}"},"query-input":{"@type":"PropertyValueSpecification","valueRequired":true,"valueName":"search_term_string"}}],"inLanguage":"en-GB"},{"@type":"Organization","@id":"https:\/\/urbooweyewear.com\/#organization","name":"Urboow Eyewear","alternateName":"Urboow Eyewear","url":"https:\/\/urbooweyewear.com\/","logo":{"@type":"ImageObject","inLanguage":"en-GB","@id":"https:\/\/urbooweyewear.com\/#\/schema\/logo\/image\/","url":"https:\/\/urbooweyewear.com\/wp-content\/uploads\/2025\/04\/LOGOTIPO-FINAL-2025-PRETO.svg","contentUrl":"https:\/\/urbooweyewear.com\/wp-content\/uploads\/2025\/04\/LOGOTIPO-FINAL-2025-PRETO.svg","width":841,"height":595,"caption":"Urboow Eyewear"},"image":{"@id":"https:\/\/urbooweyewear.com\/#\/schema\/logo\/image\/"},"sameAs":["https:\/\/www.facebook.com\/Urboow.Eyewear\/","https:\/\/www.instagram.com\/urboow.eyewear\/"]}]}},"jetpack_sharing_enabled":true,"_links":{"self":[{"href":"https:\/\/urbooweyewear.com\/en\/wp-json\/wp\/v2\/pages\/743","targetHints":{"allow":["GET"]}}],"collection":[{"href":"https:\/\/urbooweyewear.com\/en\/wp-json\/wp\/v2\/pages"}],"about":[{"href":"https:\/\/urbooweyewear.com\/en\/wp-json\/wp\/v2\/types\/page"}],"author":[{"embeddable":true,"href":"https:\/\/urbooweyewear.com\/en\/wp-json\/wp\/v2\/users\/1"}],"replies":[{"embeddable":true,"href":"https:\/\/urbooweyewear.com\/en\/wp-json\/wp\/v2\/comments?post=743"}],"version-history":[{"count":24,"href":"https:\/\/urbooweyewear.com\/en\/wp-json\/wp\/v2\/pages\/743\/revisions"}],"predecessor-version":[{"id":1284,"href":"https:\/\/urbooweyewear.com\/en\/wp-json\/wp\/v2\/pages\/743\/revisions\/1284"}],"wp:attachment":[{"href":"https:\/\/urbooweyewear.com\/en\/wp-json\/wp\/v2\/media?parent=743"}],"curies":[{"name":"wp","href":"https:\/\/api.w.org\/{rel}","templated":true}]}}