{"id":1348,"date":"2025-07-10T08:39:33","date_gmt":"2025-07-10T08:39:33","guid":{"rendered":"https:\/\/urbooweyewear.com\/produto\/601awa80862-8\/"},"modified":"2026-02-20T13:58:50","modified_gmt":"2026-02-20T12:58:50","slug":"601awa80862-8","status":"publish","type":"product","link":"https:\/\/urbooweyewear.com\/en\/product\/601awa80862-8\/","title":{"rendered":"RODAS LARGE MOSTARDA"},"content":{"rendered":"<p>Os \u00f3culos de sol de praia est\u00e3o agora dispon\u00edveis. Os seus designs n\u00e3o passar\u00e3o despercebidos e combinar\u00e3o com tudo gra\u00e7as ao seu estilo vers\u00e1til. Se prefere arma\u00e7\u00f5es cl\u00e1ssicas mas com cores ousadas, estes s\u00e3o os \u00f3culos de sol para si. As suas arma\u00e7\u00f5es intemporais ser\u00e3o o seu aliado durante os ver\u00f5es soalheiros, quentes e divertidos. Pode escolher entre desenhos de folhas de palmeira, penas e papagaios, estilo retro, ou para estilos mais cl\u00e1ssicos, um gradiente de azul para preto e mostarda.<\/p>","protected":false},"excerpt":{"rendered":"<div class=\"su-accordion su-u-trim\">\n<div class=\"su-spoiler su-spoiler-style-default su-spoiler-icon-plus\" data-scroll-offset=\"0\" data-anchor-in-url=\"no\">\n<div class=\"su-spoiler-title\" tabindex=\"0\" role=\"button\"><span class=\"su-spoiler-icon\"><\/span>Features<\/div>\n<div class=\"su-spoiler-content su-u-clearfix su-u-trim\">\n<p>Esta nova cole\u00e7\u00e3o Rodas apresenta um grip de silicone na ponte nasal, que evitar\u00e1 que os \u00f3culos escorreguem com o calor. Um grip linear foi tamb\u00e9m adicionado \u00e0s hastes para um conforto \u00f3timo.<\/p>\n<p>Medidas do modelo Rodas Large<br \/>\n&#8211; Largura da lente: 54<br \/>\n&#8211; Ponte: 19<br \/>\n&#8211; Comprimento da haste: 145<\/p>\n<\/div>\n<\/div>\n<div class=\"su-spoiler su-spoiler-style-default su-spoiler-icon-plus su-spoiler-closed\" data-scroll-offset=\"0\" data-anchor-in-url=\"no\">\n<div class=\"su-spoiler-title\" tabindex=\"0\" role=\"button\"><span class=\"su-spoiler-icon\"><\/span>Includes<\/div>\n<div class=\"su-spoiler-content su-u-clearfix su-u-trim\">\nEstojo e caixa em microfibra.\n<\/div>\n<\/div>\n<div class=\"su-spoiler su-spoiler-style-default su-spoiler-icon-plus su-spoiler-closed\" data-scroll-offset=\"0\" data-anchor-in-url=\"no\">\n<div class=\"su-spoiler-title\" tabindex=\"0\" role=\"button\"><span class=\"su-spoiler-icon\"><\/span>Shipping<\/div>\n<div class=\"su-spoiler-content su-u-clearfix su-u-trim\">Receba a sua encomenda com toda a seguran\u00e7a. O valor dos portes ser\u00e1 indicado no checkout.<\/div>\n<\/div>\n<\/div>","protected":false},"featured_media":1570,"template":"","meta":{"_bst_post_transparent":"default","_bst_post_title":"","_bst_post_layout":"default","_bst_post_sidebar_id":"","_bst_post_content_style":"default","_bst_post_vertical_padding":"default","_bst_post_feature":"","_bst_post_feature_position":"","_bst_post_header":false,"_bst_post_footer":false},"product_brand":[149],"product_cat":[84],"product_tag":[],"class_list":{"0":"post-1348","1":"product","2":"type-product","3":"status-publish","4":"has-post-thumbnail","6":"product_brand-awa","7":"product_cat-flutuantes","9":"first","10":"instock","11":"shipping-taxable","12":"purchasable","13":"product-type-simple","14":"entry","15":"content-bg","16":"loop-entry"},"yoast_head":"<!-- This site is optimized with the Yoast SEO plugin v27.1.1 - https:\/\/yoast.com\/product\/yoast-seo-wordpress\/ -->\n<title>RODAS LARGE MOSTARDA - Urboow Eyewear<\/title>\n<meta name=\"description\" content=\"Os \u00f3culos de sol de praia est\u00e3o agora dispon\u00edveis. Os seus designs n\u00e3o passar\u00e3o despercebidos e combinar\u00e3o com tudo gra\u00e7as ao seu estilo vers\u00e1til.\" \/>\n<meta name=\"robots\" content=\"index, follow, max-snippet:-1, max-image-preview:large, max-video-preview:-1\" \/>\n<link rel=\"canonical\" href=\"https:\/\/urbooweyewear.com\/en\/product\/601awa80862-8\/\" \/>\n<meta property=\"og:locale\" content=\"en_GB\" \/>\n<meta property=\"og:type\" content=\"article\" \/>\n<meta property=\"og:title\" content=\"RODAS LARGE MOSTARDA - Urboow Eyewear\" \/>\n<meta property=\"og:description\" content=\"Os \u00f3culos de sol de praia est\u00e3o agora dispon\u00edveis. Os seus designs n\u00e3o passar\u00e3o despercebidos e combinar\u00e3o com tudo gra\u00e7as ao seu estilo vers\u00e1til.\" \/>\n<meta property=\"og:url\" content=\"https:\/\/urbooweyewear.com\/en\/product\/601awa80862-8\/\" \/>\n<meta property=\"og:site_name\" content=\"Urboow Eyewear\" \/>\n<meta property=\"article:publisher\" content=\"https:\/\/www.facebook.com\/Urboow.Eyewear\/\" \/>\n<meta property=\"article:modified_time\" content=\"2026-02-20T12:58:50+00:00\" \/>\n<meta property=\"og:image\" content=\"https:\/\/urbooweyewear.com\/wp-content\/uploads\/2025\/07\/601.AWA_.80862-8_1.png\" \/>\n\t<meta property=\"og:image:width\" content=\"1199\" \/>\n\t<meta property=\"og:image:height\" content=\"1199\" \/>\n\t<meta property=\"og:image:type\" content=\"image\/png\" \/>\n<meta name=\"twitter:card\" content=\"summary_large_image\" \/>\n<meta name=\"twitter:label1\" content=\"Estimated reading time\" \/>\n\t<meta name=\"twitter:data1\" content=\"1 minute\" \/>\n<script type=\"application\/ld+json\" class=\"yoast-schema-graph\">{\"@context\":\"https:\/\/schema.org\",\"@graph\":[{\"@type\":\"WebPage\",\"@id\":\"https:\/\/urbooweyewear.com\/produto\/601awa80862-8\/\",\"url\":\"https:\/\/urbooweyewear.com\/produto\/601awa80862-8\/\",\"name\":\"RODAS LARGE MOSTARDA - Urboow Eyewear\",\"isPartOf\":{\"@id\":\"https:\/\/urbooweyewear.com\/#website\"},\"primaryImageOfPage\":{\"@id\":\"https:\/\/urbooweyewear.com\/produto\/601awa80862-8\/#primaryimage\"},\"image\":{\"@id\":\"https:\/\/urbooweyewear.com\/produto\/601awa80862-8\/#primaryimage\"},\"thumbnailUrl\":\"https:\/\/urbooweyewear.com\/wp-content\/uploads\/2025\/07\/601.AWA_.80862-8_1.png\",\"datePublished\":\"2025-07-10T08:39:33+00:00\",\"dateModified\":\"2026-02-20T12:58:50+00:00\",\"description\":\"Os \u00f3culos de sol de praia est\u00e3o agora dispon\u00edveis. Os seus designs n\u00e3o passar\u00e3o despercebidos e combinar\u00e3o com tudo gra\u00e7as ao seu estilo vers\u00e1til.\",\"breadcrumb\":{\"@id\":\"https:\/\/urbooweyewear.com\/produto\/601awa80862-8\/#breadcrumb\"},\"inLanguage\":\"en-GB\",\"potentialAction\":[{\"@type\":\"ReadAction\",\"target\":[\"https:\/\/urbooweyewear.com\/produto\/601awa80862-8\/\"]}]},{\"@type\":\"ImageObject\",\"inLanguage\":\"en-GB\",\"@id\":\"https:\/\/urbooweyewear.com\/produto\/601awa80862-8\/#primaryimage\",\"url\":\"https:\/\/urbooweyewear.com\/wp-content\/uploads\/2025\/07\/601.AWA_.80862-8_1.png\",\"contentUrl\":\"https:\/\/urbooweyewear.com\/wp-content\/uploads\/2025\/07\/601.AWA_.80862-8_1.png\",\"width\":1199,\"height\":1199},{\"@type\":\"BreadcrumbList\",\"@id\":\"https:\/\/urbooweyewear.com\/produto\/601awa80862-8\/#breadcrumb\",\"itemListElement\":[{\"@type\":\"ListItem\",\"position\":1,\"name\":\"In\u00edcio\",\"item\":\"https:\/\/urbooweyewear.com\/\"},{\"@type\":\"ListItem\",\"position\":2,\"name\":\"Loja\",\"item\":\"https:\/\/urbooweyewear.com\/shop\/\"},{\"@type\":\"ListItem\",\"position\":3,\"name\":\"RODAS LARGE MOSTARDA\"}]},{\"@type\":\"WebSite\",\"@id\":\"https:\/\/urbooweyewear.com\/#website\",\"url\":\"https:\/\/urbooweyewear.com\/\",\"name\":\"Urboow Eyewear\",\"description\":\"Urboow Eyewear - \u00d3culos de Sol\",\"publisher\":{\"@id\":\"https:\/\/urbooweyewear.com\/#organization\"},\"alternateName\":\"Urboow Eyewear\",\"potentialAction\":[{\"@type\":\"SearchAction\",\"target\":{\"@type\":\"EntryPoint\",\"urlTemplate\":\"https:\/\/urbooweyewear.com\/?s={search_term_string}\"},\"query-input\":{\"@type\":\"PropertyValueSpecification\",\"valueRequired\":true,\"valueName\":\"search_term_string\"}}],\"inLanguage\":\"en-GB\"},{\"@type\":\"Organization\",\"@id\":\"https:\/\/urbooweyewear.com\/#organization\",\"name\":\"Urboow Eyewear\",\"alternateName\":\"Urboow Eyewear\",\"url\":\"https:\/\/urbooweyewear.com\/\",\"logo\":{\"@type\":\"ImageObject\",\"inLanguage\":\"en-GB\",\"@id\":\"https:\/\/urbooweyewear.com\/#\/schema\/logo\/image\/\",\"url\":\"https:\/\/urbooweyewear.com\/wp-content\/uploads\/2025\/04\/LOGOTIPO-FINAL-2025-PRETO.svg\",\"contentUrl\":\"https:\/\/urbooweyewear.com\/wp-content\/uploads\/2025\/04\/LOGOTIPO-FINAL-2025-PRETO.svg\",\"width\":841,\"height\":595,\"caption\":\"Urboow Eyewear\"},\"image\":{\"@id\":\"https:\/\/urbooweyewear.com\/#\/schema\/logo\/image\/\"},\"sameAs\":[\"https:\/\/www.facebook.com\/Urboow.Eyewear\/\",\"https:\/\/www.instagram.com\/urboow.eyewear\/\"]}]}<\/script>\n<!-- \/ Yoast SEO plugin. -->","yoast_head_json":{"title":"RODAS LARGE MOSTARDA - Urboow Eyewear","description":"Os \u00f3culos de sol de praia est\u00e3o agora dispon\u00edveis. Os seus designs n\u00e3o passar\u00e3o despercebidos e combinar\u00e3o com tudo gra\u00e7as ao seu estilo vers\u00e1til.","robots":{"index":"index","follow":"follow","max-snippet":"max-snippet:-1","max-image-preview":"max-image-preview:large","max-video-preview":"max-video-preview:-1"},"canonical":"https:\/\/urbooweyewear.com\/en\/product\/601awa80862-8\/","og_locale":"en_GB","og_type":"article","og_title":"RODAS LARGE MOSTARDA - Urboow Eyewear","og_description":"Os \u00f3culos de sol de praia est\u00e3o agora dispon\u00edveis. Os seus designs n\u00e3o passar\u00e3o despercebidos e combinar\u00e3o com tudo gra\u00e7as ao seu estilo vers\u00e1til.","og_url":"https:\/\/urbooweyewear.com\/en\/product\/601awa80862-8\/","og_site_name":"Urboow Eyewear","article_publisher":"https:\/\/www.facebook.com\/Urboow.Eyewear\/","article_modified_time":"2026-02-20T12:58:50+00:00","og_image":[{"width":1199,"height":1199,"url":"https:\/\/urbooweyewear.com\/wp-content\/uploads\/2025\/07\/601.AWA_.80862-8_1.png","type":"image\/png"}],"twitter_card":"summary_large_image","twitter_misc":{"Estimated reading time":"1 minute"},"schema":{"@context":"https:\/\/schema.org","@graph":[{"@type":"WebPage","@id":"https:\/\/urbooweyewear.com\/produto\/601awa80862-8\/","url":"https:\/\/urbooweyewear.com\/produto\/601awa80862-8\/","name":"RODAS LARGE MOSTARDA - Urboow Eyewear","isPartOf":{"@id":"https:\/\/urbooweyewear.com\/#website"},"primaryImageOfPage":{"@id":"https:\/\/urbooweyewear.com\/produto\/601awa80862-8\/#primaryimage"},"image":{"@id":"https:\/\/urbooweyewear.com\/produto\/601awa80862-8\/#primaryimage"},"thumbnailUrl":"https:\/\/urbooweyewear.com\/wp-content\/uploads\/2025\/07\/601.AWA_.80862-8_1.png","datePublished":"2025-07-10T08:39:33+00:00","dateModified":"2026-02-20T12:58:50+00:00","description":"Os \u00f3culos de sol de praia est\u00e3o agora dispon\u00edveis. Os seus designs n\u00e3o passar\u00e3o despercebidos e combinar\u00e3o com tudo gra\u00e7as ao seu estilo vers\u00e1til.","breadcrumb":{"@id":"https:\/\/urbooweyewear.com\/produto\/601awa80862-8\/#breadcrumb"},"inLanguage":"en-GB","potentialAction":[{"@type":"ReadAction","target":["https:\/\/urbooweyewear.com\/produto\/601awa80862-8\/"]}]},{"@type":"ImageObject","inLanguage":"en-GB","@id":"https:\/\/urbooweyewear.com\/produto\/601awa80862-8\/#primaryimage","url":"https:\/\/urbooweyewear.com\/wp-content\/uploads\/2025\/07\/601.AWA_.80862-8_1.png","contentUrl":"https:\/\/urbooweyewear.com\/wp-content\/uploads\/2025\/07\/601.AWA_.80862-8_1.png","width":1199,"height":1199},{"@type":"BreadcrumbList","@id":"https:\/\/urbooweyewear.com\/produto\/601awa80862-8\/#breadcrumb","itemListElement":[{"@type":"ListItem","position":1,"name":"In\u00edcio","item":"https:\/\/urbooweyewear.com\/"},{"@type":"ListItem","position":2,"name":"Loja","item":"https:\/\/urbooweyewear.com\/shop\/"},{"@type":"ListItem","position":3,"name":"RODAS LARGE MOSTARDA"}]},{"@type":"WebSite","@id":"https:\/\/urbooweyewear.com\/#website","url":"https:\/\/urbooweyewear.com\/","name":"Urboow Eyewear","description":"Urboow Eyewear - \u00d3culos de Sol","publisher":{"@id":"https:\/\/urbooweyewear.com\/#organization"},"alternateName":"Urboow Eyewear","potentialAction":[{"@type":"SearchAction","target":{"@type":"EntryPoint","urlTemplate":"https:\/\/urbooweyewear.com\/?s={search_term_string}"},"query-input":{"@type":"PropertyValueSpecification","valueRequired":true,"valueName":"search_term_string"}}],"inLanguage":"en-GB"},{"@type":"Organization","@id":"https:\/\/urbooweyewear.com\/#organization","name":"Urboow Eyewear","alternateName":"Urboow Eyewear","url":"https:\/\/urbooweyewear.com\/","logo":{"@type":"ImageObject","inLanguage":"en-GB","@id":"https:\/\/urbooweyewear.com\/#\/schema\/logo\/image\/","url":"https:\/\/urbooweyewear.com\/wp-content\/uploads\/2025\/04\/LOGOTIPO-FINAL-2025-PRETO.svg","contentUrl":"https:\/\/urbooweyewear.com\/wp-content\/uploads\/2025\/04\/LOGOTIPO-FINAL-2025-PRETO.svg","width":841,"height":595,"caption":"Urboow Eyewear"},"image":{"@id":"https:\/\/urbooweyewear.com\/#\/schema\/logo\/image\/"},"sameAs":["https:\/\/www.facebook.com\/Urboow.Eyewear\/","https:\/\/www.instagram.com\/urboow.eyewear\/"]}]}},"jetpack_sharing_enabled":true,"_links":{"self":[{"href":"https:\/\/urbooweyewear.com\/en\/wp-json\/wp\/v2\/product\/1348","targetHints":{"allow":["GET"]}}],"collection":[{"href":"https:\/\/urbooweyewear.com\/en\/wp-json\/wp\/v2\/product"}],"about":[{"href":"https:\/\/urbooweyewear.com\/en\/wp-json\/wp\/v2\/types\/product"}],"wp:featuredmedia":[{"embeddable":true,"href":"https:\/\/urbooweyewear.com\/en\/wp-json\/wp\/v2\/media\/1570"}],"wp:attachment":[{"href":"https:\/\/urbooweyewear.com\/en\/wp-json\/wp\/v2\/media?parent=1348"}],"wp:term":[{"taxonomy":"product_brand","embeddable":true,"href":"https:\/\/urbooweyewear.com\/en\/wp-json\/wp\/v2\/product_brand?post=1348"},{"taxonomy":"product_cat","embeddable":true,"href":"https:\/\/urbooweyewear.com\/en\/wp-json\/wp\/v2\/product_cat?post=1348"},{"taxonomy":"product_tag","embeddable":true,"href":"https:\/\/urbooweyewear.com\/en\/wp-json\/wp\/v2\/product_tag?post=1348"}],"curies":[{"name":"wp","href":"https:\/\/api.w.org\/{rel}","templated":true}]}}