{"id":1358,"date":"2025-07-10T08:39:46","date_gmt":"2025-07-10T08:39:46","guid":{"rendered":"https:\/\/urbooweyewear.com\/produto\/601awa81910-4\/"},"modified":"2026-01-30T10:26:15","modified_gmt":"2026-01-30T09:26:15","slug":"601awa81910-4","status":"publish","type":"product","link":"https:\/\/urbooweyewear.com\/en\/product\/601awa81910-4\/","title":{"rendered":"XAGO CASTANHO"},"content":{"rendered":"<p>XAGO CASTANHO<\/p>","protected":false},"excerpt":{"rendered":"<p>XAGO -MARRON CAREY<\/p>","protected":false},"featured_media":1678,"comment_status":"open","ping_status":"closed","template":"","meta":{"_bst_post_transparent":"default","_bst_post_title":"","_bst_post_layout":"default","_bst_post_sidebar_id":"","_bst_post_content_style":"default","_bst_post_vertical_padding":"default","_bst_post_feature":"","_bst_post_feature_position":"","_bst_post_header":false,"_bst_post_footer":false},"product_brand":[149],"product_cat":[84],"product_tag":[],"class_list":{"0":"post-1358","1":"product","2":"type-product","3":"status-publish","4":"has-post-thumbnail","6":"product_brand-awa","7":"product_cat-flutuantes","9":"first","10":"instock","11":"shipping-taxable","12":"purchasable","13":"product-type-simple","14":"entry","15":"content-bg","16":"loop-entry"},"yoast_head":"<!-- This site is optimized with the Yoast SEO plugin v27.1.1 - https:\/\/yoast.com\/product\/yoast-seo-wordpress\/ -->\n<title>XAGO CASTANHO - Urboow Eyewear<\/title>\n<meta name=\"description\" content=\"\u00d3culos de sol desportivos ultra-leves, dur\u00e1veis e flutuantes, com pontos de contacto emborrachados nas hastes e nas almofadas para uma ader\u00eancia ideal.\" \/>\n<meta name=\"robots\" content=\"index, follow, max-snippet:-1, max-image-preview:large, max-video-preview:-1\" \/>\n<link rel=\"canonical\" href=\"https:\/\/urbooweyewear.com\/en\/product\/601awa81910-4\/\" \/>\n<meta property=\"og:locale\" content=\"en_GB\" \/>\n<meta property=\"og:type\" content=\"article\" \/>\n<meta property=\"og:title\" content=\"XAGO CASTANHO - Urboow Eyewear\" \/>\n<meta property=\"og:description\" content=\"\u00d3culos de sol desportivos ultra-leves, dur\u00e1veis e flutuantes, com pontos de contacto emborrachados nas hastes e nas almofadas para uma ader\u00eancia ideal.\" \/>\n<meta property=\"og:url\" content=\"https:\/\/urbooweyewear.com\/en\/product\/601awa81910-4\/\" \/>\n<meta property=\"og:site_name\" content=\"Urboow Eyewear\" \/>\n<meta property=\"article:publisher\" content=\"https:\/\/www.facebook.com\/Urboow.Eyewear\/\" \/>\n<meta property=\"article:modified_time\" content=\"2026-01-30T09:26:15+00:00\" \/>\n<meta property=\"og:image\" content=\"https:\/\/urbooweyewear.com\/wp-content\/uploads\/2025\/07\/601.AWA_.81910-4_1.png\" \/>\n\t<meta property=\"og:image:width\" content=\"1199\" \/>\n\t<meta property=\"og:image:height\" content=\"1199\" \/>\n\t<meta property=\"og:image:type\" content=\"image\/png\" \/>\n<meta name=\"twitter:card\" content=\"summary_large_image\" \/>\n<meta name=\"twitter:label1\" content=\"Estimated reading time\" \/>\n\t<meta name=\"twitter:data1\" content=\"1 minute\" \/>\n<script type=\"application\/ld+json\" class=\"yoast-schema-graph\">{\"@context\":\"https:\/\/schema.org\",\"@graph\":[{\"@type\":\"WebPage\",\"@id\":\"https:\/\/urbooweyewear.com\/produto\/601awa81910-4\/\",\"url\":\"https:\/\/urbooweyewear.com\/produto\/601awa81910-4\/\",\"name\":\"XAGO CASTANHO - Urboow Eyewear\",\"isPartOf\":{\"@id\":\"https:\/\/urbooweyewear.com\/#website\"},\"primaryImageOfPage\":{\"@id\":\"https:\/\/urbooweyewear.com\/produto\/601awa81910-4\/#primaryimage\"},\"image\":{\"@id\":\"https:\/\/urbooweyewear.com\/produto\/601awa81910-4\/#primaryimage\"},\"thumbnailUrl\":\"https:\/\/urbooweyewear.com\/wp-content\/uploads\/2025\/07\/601.AWA_.81910-4_1.png\",\"datePublished\":\"2025-07-10T08:39:46+00:00\",\"dateModified\":\"2026-01-30T09:26:15+00:00\",\"description\":\"\u00d3culos de sol desportivos ultra-leves, dur\u00e1veis e flutuantes, com pontos de contacto emborrachados nas hastes e nas almofadas para uma ader\u00eancia ideal.\",\"breadcrumb\":{\"@id\":\"https:\/\/urbooweyewear.com\/produto\/601awa81910-4\/#breadcrumb\"},\"inLanguage\":\"en-GB\",\"potentialAction\":[{\"@type\":\"ReadAction\",\"target\":[\"https:\/\/urbooweyewear.com\/produto\/601awa81910-4\/\"]}]},{\"@type\":\"ImageObject\",\"inLanguage\":\"en-GB\",\"@id\":\"https:\/\/urbooweyewear.com\/produto\/601awa81910-4\/#primaryimage\",\"url\":\"https:\/\/urbooweyewear.com\/wp-content\/uploads\/2025\/07\/601.AWA_.81910-4_1.png\",\"contentUrl\":\"https:\/\/urbooweyewear.com\/wp-content\/uploads\/2025\/07\/601.AWA_.81910-4_1.png\",\"width\":1199,\"height\":1199},{\"@type\":\"BreadcrumbList\",\"@id\":\"https:\/\/urbooweyewear.com\/produto\/601awa81910-4\/#breadcrumb\",\"itemListElement\":[{\"@type\":\"ListItem\",\"position\":1,\"name\":\"In\u00edcio\",\"item\":\"https:\/\/urbooweyewear.com\/\"},{\"@type\":\"ListItem\",\"position\":2,\"name\":\"Loja\",\"item\":\"https:\/\/urbooweyewear.com\/shop\/\"},{\"@type\":\"ListItem\",\"position\":3,\"name\":\"XAGO CASTANHO\"}]},{\"@type\":\"WebSite\",\"@id\":\"https:\/\/urbooweyewear.com\/#website\",\"url\":\"https:\/\/urbooweyewear.com\/\",\"name\":\"Urboow Eyewear\",\"description\":\"Urboow Eyewear - \u00d3culos de Sol\",\"publisher\":{\"@id\":\"https:\/\/urbooweyewear.com\/#organization\"},\"alternateName\":\"Urboow Eyewear\",\"potentialAction\":[{\"@type\":\"SearchAction\",\"target\":{\"@type\":\"EntryPoint\",\"urlTemplate\":\"https:\/\/urbooweyewear.com\/?s={search_term_string}\"},\"query-input\":{\"@type\":\"PropertyValueSpecification\",\"valueRequired\":true,\"valueName\":\"search_term_string\"}}],\"inLanguage\":\"en-GB\"},{\"@type\":\"Organization\",\"@id\":\"https:\/\/urbooweyewear.com\/#organization\",\"name\":\"Urboow Eyewear\",\"alternateName\":\"Urboow Eyewear\",\"url\":\"https:\/\/urbooweyewear.com\/\",\"logo\":{\"@type\":\"ImageObject\",\"inLanguage\":\"en-GB\",\"@id\":\"https:\/\/urbooweyewear.com\/#\/schema\/logo\/image\/\",\"url\":\"https:\/\/urbooweyewear.com\/wp-content\/uploads\/2025\/04\/LOGOTIPO-FINAL-2025-PRETO.svg\",\"contentUrl\":\"https:\/\/urbooweyewear.com\/wp-content\/uploads\/2025\/04\/LOGOTIPO-FINAL-2025-PRETO.svg\",\"width\":841,\"height\":595,\"caption\":\"Urboow Eyewear\"},\"image\":{\"@id\":\"https:\/\/urbooweyewear.com\/#\/schema\/logo\/image\/\"},\"sameAs\":[\"https:\/\/www.facebook.com\/Urboow.Eyewear\/\",\"https:\/\/www.instagram.com\/urboow.eyewear\/\"]}]}<\/script>\n<!-- \/ Yoast SEO plugin. -->","yoast_head_json":{"title":"XAGO CASTANHO - Urboow Eyewear","description":"\u00d3culos de sol desportivos ultra-leves, dur\u00e1veis e flutuantes, com pontos de contacto emborrachados nas hastes e nas almofadas para uma ader\u00eancia ideal.","robots":{"index":"index","follow":"follow","max-snippet":"max-snippet:-1","max-image-preview":"max-image-preview:large","max-video-preview":"max-video-preview:-1"},"canonical":"https:\/\/urbooweyewear.com\/en\/product\/601awa81910-4\/","og_locale":"en_GB","og_type":"article","og_title":"XAGO CASTANHO - Urboow Eyewear","og_description":"\u00d3culos de sol desportivos ultra-leves, dur\u00e1veis e flutuantes, com pontos de contacto emborrachados nas hastes e nas almofadas para uma ader\u00eancia ideal.","og_url":"https:\/\/urbooweyewear.com\/en\/product\/601awa81910-4\/","og_site_name":"Urboow Eyewear","article_publisher":"https:\/\/www.facebook.com\/Urboow.Eyewear\/","article_modified_time":"2026-01-30T09:26:15+00:00","og_image":[{"width":1199,"height":1199,"url":"https:\/\/urbooweyewear.com\/wp-content\/uploads\/2025\/07\/601.AWA_.81910-4_1.png","type":"image\/png"}],"twitter_card":"summary_large_image","twitter_misc":{"Estimated reading time":"1 minute"},"schema":{"@context":"https:\/\/schema.org","@graph":[{"@type":"WebPage","@id":"https:\/\/urbooweyewear.com\/produto\/601awa81910-4\/","url":"https:\/\/urbooweyewear.com\/produto\/601awa81910-4\/","name":"XAGO CASTANHO - Urboow Eyewear","isPartOf":{"@id":"https:\/\/urbooweyewear.com\/#website"},"primaryImageOfPage":{"@id":"https:\/\/urbooweyewear.com\/produto\/601awa81910-4\/#primaryimage"},"image":{"@id":"https:\/\/urbooweyewear.com\/produto\/601awa81910-4\/#primaryimage"},"thumbnailUrl":"https:\/\/urbooweyewear.com\/wp-content\/uploads\/2025\/07\/601.AWA_.81910-4_1.png","datePublished":"2025-07-10T08:39:46+00:00","dateModified":"2026-01-30T09:26:15+00:00","description":"\u00d3culos de sol desportivos ultra-leves, dur\u00e1veis e flutuantes, com pontos de contacto emborrachados nas hastes e nas almofadas para uma ader\u00eancia ideal.","breadcrumb":{"@id":"https:\/\/urbooweyewear.com\/produto\/601awa81910-4\/#breadcrumb"},"inLanguage":"en-GB","potentialAction":[{"@type":"ReadAction","target":["https:\/\/urbooweyewear.com\/produto\/601awa81910-4\/"]}]},{"@type":"ImageObject","inLanguage":"en-GB","@id":"https:\/\/urbooweyewear.com\/produto\/601awa81910-4\/#primaryimage","url":"https:\/\/urbooweyewear.com\/wp-content\/uploads\/2025\/07\/601.AWA_.81910-4_1.png","contentUrl":"https:\/\/urbooweyewear.com\/wp-content\/uploads\/2025\/07\/601.AWA_.81910-4_1.png","width":1199,"height":1199},{"@type":"BreadcrumbList","@id":"https:\/\/urbooweyewear.com\/produto\/601awa81910-4\/#breadcrumb","itemListElement":[{"@type":"ListItem","position":1,"name":"In\u00edcio","item":"https:\/\/urbooweyewear.com\/"},{"@type":"ListItem","position":2,"name":"Loja","item":"https:\/\/urbooweyewear.com\/shop\/"},{"@type":"ListItem","position":3,"name":"XAGO CASTANHO"}]},{"@type":"WebSite","@id":"https:\/\/urbooweyewear.com\/#website","url":"https:\/\/urbooweyewear.com\/","name":"Urboow Eyewear","description":"Urboow Eyewear - \u00d3culos de Sol","publisher":{"@id":"https:\/\/urbooweyewear.com\/#organization"},"alternateName":"Urboow Eyewear","potentialAction":[{"@type":"SearchAction","target":{"@type":"EntryPoint","urlTemplate":"https:\/\/urbooweyewear.com\/?s={search_term_string}"},"query-input":{"@type":"PropertyValueSpecification","valueRequired":true,"valueName":"search_term_string"}}],"inLanguage":"en-GB"},{"@type":"Organization","@id":"https:\/\/urbooweyewear.com\/#organization","name":"Urboow Eyewear","alternateName":"Urboow Eyewear","url":"https:\/\/urbooweyewear.com\/","logo":{"@type":"ImageObject","inLanguage":"en-GB","@id":"https:\/\/urbooweyewear.com\/#\/schema\/logo\/image\/","url":"https:\/\/urbooweyewear.com\/wp-content\/uploads\/2025\/04\/LOGOTIPO-FINAL-2025-PRETO.svg","contentUrl":"https:\/\/urbooweyewear.com\/wp-content\/uploads\/2025\/04\/LOGOTIPO-FINAL-2025-PRETO.svg","width":841,"height":595,"caption":"Urboow Eyewear"},"image":{"@id":"https:\/\/urbooweyewear.com\/#\/schema\/logo\/image\/"},"sameAs":["https:\/\/www.facebook.com\/Urboow.Eyewear\/","https:\/\/www.instagram.com\/urboow.eyewear\/"]}]}},"jetpack_sharing_enabled":true,"_links":{"self":[{"href":"https:\/\/urbooweyewear.com\/en\/wp-json\/wp\/v2\/product\/1358","targetHints":{"allow":["GET"]}}],"collection":[{"href":"https:\/\/urbooweyewear.com\/en\/wp-json\/wp\/v2\/product"}],"about":[{"href":"https:\/\/urbooweyewear.com\/en\/wp-json\/wp\/v2\/types\/product"}],"replies":[{"embeddable":true,"href":"https:\/\/urbooweyewear.com\/en\/wp-json\/wp\/v2\/comments?post=1358"}],"wp:featuredmedia":[{"embeddable":true,"href":"https:\/\/urbooweyewear.com\/en\/wp-json\/wp\/v2\/media\/1678"}],"wp:attachment":[{"href":"https:\/\/urbooweyewear.com\/en\/wp-json\/wp\/v2\/media?parent=1358"}],"wp:term":[{"taxonomy":"product_brand","embeddable":true,"href":"https:\/\/urbooweyewear.com\/en\/wp-json\/wp\/v2\/product_brand?post=1358"},{"taxonomy":"product_cat","embeddable":true,"href":"https:\/\/urbooweyewear.com\/en\/wp-json\/wp\/v2\/product_cat?post=1358"},{"taxonomy":"product_tag","embeddable":true,"href":"https:\/\/urbooweyewear.com\/en\/wp-json\/wp\/v2\/product_tag?post=1358"}],"curies":[{"name":"wp","href":"https:\/\/api.w.org\/{rel}","templated":true}]}}