{"id":3464,"date":"2025-12-07T05:04:08","date_gmt":"2025-12-07T04:04:08","guid":{"rendered":"https:\/\/urbooweyewear.com\/produto\/601aptospansyn\/"},"modified":"2026-04-08T16:23:25","modified_gmt":"2026-04-08T15:23:25","slug":"601aptospansyn","status":"publish","type":"product","link":"https:\/\/urbooweyewear.com\/en\/product\/601aptospansyn\/","title":{"rendered":"PANDA SUN &#8211; YIN BAMBU ESCURO"},"content":{"rendered":"","protected":false},"excerpt":{"rendered":"<p>O panda-gigante vive em algumas cadeias montanhosas no centro da China. A sua presen\u00e7a \u00e9 cada vez mais difundida internacionalmente. Os \u00f3culos Panda s\u00e3o bifocais para que voc\u00ea possa aproveitar os dias ensolarados sem preocupa\u00e7\u00f5es!<\/p>","protected":false},"featured_media":2882,"template":"","meta":{"_bst_post_transparent":"default","_bst_post_title":"","_bst_post_layout":"default","_bst_post_sidebar_id":"","_bst_post_content_style":"default","_bst_post_vertical_padding":"default","_bst_post_feature":"","_bst_post_feature_position":"","_bst_post_header":false,"_bst_post_footer":false},"product_brand":[],"product_cat":[162],"product_tag":[],"class_list":{"0":"post-3464","1":"product","2":"type-product","3":"status-publish","4":"has-post-thumbnail","6":"product_cat-leitura-solar","8":"first","9":"instock","10":"shipping-taxable","11":"purchasable","12":"product-type-variable","13":"entry","14":"content-bg","15":"loop-entry"},"yoast_head":"<!-- This site is optimized with the Yoast SEO plugin v27.1.1 - https:\/\/yoast.com\/product\/yoast-seo-wordpress\/ -->\n<title>PANDA SUN - YIN BAMBU ESCURO - Urboow Eyewear<\/title>\n<meta name=\"robots\" content=\"index, follow, max-snippet:-1, max-image-preview:large, max-video-preview:-1\" \/>\n<link rel=\"canonical\" href=\"https:\/\/urbooweyewear.com\/en\/product\/601aptospansyn\/\" \/>\n<meta property=\"og:locale\" content=\"en_GB\" \/>\n<meta property=\"og:type\" content=\"article\" \/>\n<meta property=\"og:title\" content=\"PANDA SUN - YIN BAMBU ESCURO - Urboow Eyewear\" \/>\n<meta property=\"og:description\" content=\"O panda-gigante vive em algumas cadeias montanhosas no centro da China. A sua presen\u00e7a \u00e9 cada vez mais difundida internacionalmente. Os \u00f3culos Panda s\u00e3o bifocais para que voc\u00ea possa aproveitar os dias ensolarados sem preocupa\u00e7\u00f5es!\" \/>\n<meta property=\"og:url\" content=\"https:\/\/urbooweyewear.com\/en\/product\/601aptospansyn\/\" \/>\n<meta property=\"og:site_name\" content=\"Urboow Eyewear\" \/>\n<meta property=\"article:publisher\" content=\"https:\/\/www.facebook.com\/Urboow.Eyewear\/\" \/>\n<meta property=\"article:modified_time\" content=\"2026-04-08T15:23:25+00:00\" \/>\n<meta property=\"og:image\" content=\"https:\/\/urbooweyewear.com\/wp-content\/uploads\/2025\/07\/601.APT_.OS_.PANS_.YN_1-1.jpg\" \/>\n\t<meta property=\"og:image:width\" content=\"1001\" \/>\n\t<meta property=\"og:image:height\" content=\"1001\" \/>\n\t<meta property=\"og:image:type\" content=\"image\/jpeg\" \/>\n<meta name=\"twitter:card\" content=\"summary_large_image\" \/>\n<meta name=\"twitter:label1\" content=\"Estimated reading time\" \/>\n\t<meta name=\"twitter:data1\" content=\"1 minute\" \/>\n<script type=\"application\/ld+json\" class=\"yoast-schema-graph\">{\"@context\":\"https:\/\/schema.org\",\"@graph\":[{\"@type\":\"WebPage\",\"@id\":\"https:\/\/urbooweyewear.com\/produto\/601aptospansyn\/\",\"url\":\"https:\/\/urbooweyewear.com\/produto\/601aptospansyn\/\",\"name\":\"PANDA SUN - YIN BAMBU ESCURO - Urboow Eyewear\",\"isPartOf\":{\"@id\":\"https:\/\/urbooweyewear.com\/#website\"},\"primaryImageOfPage\":{\"@id\":\"https:\/\/urbooweyewear.com\/produto\/601aptospansyn\/#primaryimage\"},\"image\":{\"@id\":\"https:\/\/urbooweyewear.com\/produto\/601aptospansyn\/#primaryimage\"},\"thumbnailUrl\":\"https:\/\/urbooweyewear.com\/wp-content\/uploads\/2025\/07\/601.APT_.OS_.PANS_.YN_1-1.jpg\",\"datePublished\":\"2025-12-07T04:04:08+00:00\",\"dateModified\":\"2026-04-08T15:23:25+00:00\",\"breadcrumb\":{\"@id\":\"https:\/\/urbooweyewear.com\/produto\/601aptospansyn\/#breadcrumb\"},\"inLanguage\":\"en-GB\",\"potentialAction\":[{\"@type\":\"ReadAction\",\"target\":[\"https:\/\/urbooweyewear.com\/produto\/601aptospansyn\/\"]}]},{\"@type\":\"ImageObject\",\"inLanguage\":\"en-GB\",\"@id\":\"https:\/\/urbooweyewear.com\/produto\/601aptospansyn\/#primaryimage\",\"url\":\"https:\/\/urbooweyewear.com\/wp-content\/uploads\/2025\/07\/601.APT_.OS_.PANS_.YN_1-1.jpg\",\"contentUrl\":\"https:\/\/urbooweyewear.com\/wp-content\/uploads\/2025\/07\/601.APT_.OS_.PANS_.YN_1-1.jpg\",\"width\":1001,\"height\":1001},{\"@type\":\"BreadcrumbList\",\"@id\":\"https:\/\/urbooweyewear.com\/produto\/601aptospansyn\/#breadcrumb\",\"itemListElement\":[{\"@type\":\"ListItem\",\"position\":1,\"name\":\"In\u00edcio\",\"item\":\"https:\/\/urbooweyewear.com\/\"},{\"@type\":\"ListItem\",\"position\":2,\"name\":\"Loja\",\"item\":\"https:\/\/urbooweyewear.com\/shop\/\"},{\"@type\":\"ListItem\",\"position\":3,\"name\":\"PANDA SUN &#8211; YIN BAMBU ESCURO\"}]},{\"@type\":\"WebSite\",\"@id\":\"https:\/\/urbooweyewear.com\/#website\",\"url\":\"https:\/\/urbooweyewear.com\/\",\"name\":\"Urboow Eyewear\",\"description\":\"Urboow Eyewear - \u00d3culos de Sol\",\"publisher\":{\"@id\":\"https:\/\/urbooweyewear.com\/#organization\"},\"alternateName\":\"Urboow Eyewear\",\"potentialAction\":[{\"@type\":\"SearchAction\",\"target\":{\"@type\":\"EntryPoint\",\"urlTemplate\":\"https:\/\/urbooweyewear.com\/?s={search_term_string}\"},\"query-input\":{\"@type\":\"PropertyValueSpecification\",\"valueRequired\":true,\"valueName\":\"search_term_string\"}}],\"inLanguage\":\"en-GB\"},{\"@type\":\"Organization\",\"@id\":\"https:\/\/urbooweyewear.com\/#organization\",\"name\":\"Urboow Eyewear\",\"alternateName\":\"Urboow Eyewear\",\"url\":\"https:\/\/urbooweyewear.com\/\",\"logo\":{\"@type\":\"ImageObject\",\"inLanguage\":\"en-GB\",\"@id\":\"https:\/\/urbooweyewear.com\/#\/schema\/logo\/image\/\",\"url\":\"https:\/\/urbooweyewear.com\/wp-content\/uploads\/2025\/04\/LOGOTIPO-FINAL-2025-PRETO.svg\",\"contentUrl\":\"https:\/\/urbooweyewear.com\/wp-content\/uploads\/2025\/04\/LOGOTIPO-FINAL-2025-PRETO.svg\",\"width\":841,\"height\":595,\"caption\":\"Urboow Eyewear\"},\"image\":{\"@id\":\"https:\/\/urbooweyewear.com\/#\/schema\/logo\/image\/\"},\"sameAs\":[\"https:\/\/www.facebook.com\/Urboow.Eyewear\/\",\"https:\/\/www.instagram.com\/urboow.eyewear\/\"]}]}<\/script>\n<!-- \/ Yoast SEO plugin. -->","yoast_head_json":{"title":"PANDA SUN - YIN BAMBU ESCURO - Urboow Eyewear","robots":{"index":"index","follow":"follow","max-snippet":"max-snippet:-1","max-image-preview":"max-image-preview:large","max-video-preview":"max-video-preview:-1"},"canonical":"https:\/\/urbooweyewear.com\/en\/product\/601aptospansyn\/","og_locale":"en_GB","og_type":"article","og_title":"PANDA SUN - YIN BAMBU ESCURO - Urboow Eyewear","og_description":"O panda-gigante vive em algumas cadeias montanhosas no centro da China. A sua presen\u00e7a \u00e9 cada vez mais difundida internacionalmente. Os \u00f3culos Panda s\u00e3o bifocais para que voc\u00ea possa aproveitar os dias ensolarados sem preocupa\u00e7\u00f5es!","og_url":"https:\/\/urbooweyewear.com\/en\/product\/601aptospansyn\/","og_site_name":"Urboow Eyewear","article_publisher":"https:\/\/www.facebook.com\/Urboow.Eyewear\/","article_modified_time":"2026-04-08T15:23:25+00:00","og_image":[{"width":1001,"height":1001,"url":"https:\/\/urbooweyewear.com\/wp-content\/uploads\/2025\/07\/601.APT_.OS_.PANS_.YN_1-1.jpg","type":"image\/jpeg"}],"twitter_card":"summary_large_image","twitter_misc":{"Estimated reading time":"1 minute"},"schema":{"@context":"https:\/\/schema.org","@graph":[{"@type":"WebPage","@id":"https:\/\/urbooweyewear.com\/produto\/601aptospansyn\/","url":"https:\/\/urbooweyewear.com\/produto\/601aptospansyn\/","name":"PANDA SUN - YIN BAMBU ESCURO - Urboow Eyewear","isPartOf":{"@id":"https:\/\/urbooweyewear.com\/#website"},"primaryImageOfPage":{"@id":"https:\/\/urbooweyewear.com\/produto\/601aptospansyn\/#primaryimage"},"image":{"@id":"https:\/\/urbooweyewear.com\/produto\/601aptospansyn\/#primaryimage"},"thumbnailUrl":"https:\/\/urbooweyewear.com\/wp-content\/uploads\/2025\/07\/601.APT_.OS_.PANS_.YN_1-1.jpg","datePublished":"2025-12-07T04:04:08+00:00","dateModified":"2026-04-08T15:23:25+00:00","breadcrumb":{"@id":"https:\/\/urbooweyewear.com\/produto\/601aptospansyn\/#breadcrumb"},"inLanguage":"en-GB","potentialAction":[{"@type":"ReadAction","target":["https:\/\/urbooweyewear.com\/produto\/601aptospansyn\/"]}]},{"@type":"ImageObject","inLanguage":"en-GB","@id":"https:\/\/urbooweyewear.com\/produto\/601aptospansyn\/#primaryimage","url":"https:\/\/urbooweyewear.com\/wp-content\/uploads\/2025\/07\/601.APT_.OS_.PANS_.YN_1-1.jpg","contentUrl":"https:\/\/urbooweyewear.com\/wp-content\/uploads\/2025\/07\/601.APT_.OS_.PANS_.YN_1-1.jpg","width":1001,"height":1001},{"@type":"BreadcrumbList","@id":"https:\/\/urbooweyewear.com\/produto\/601aptospansyn\/#breadcrumb","itemListElement":[{"@type":"ListItem","position":1,"name":"In\u00edcio","item":"https:\/\/urbooweyewear.com\/"},{"@type":"ListItem","position":2,"name":"Loja","item":"https:\/\/urbooweyewear.com\/shop\/"},{"@type":"ListItem","position":3,"name":"PANDA SUN &#8211; YIN BAMBU ESCURO"}]},{"@type":"WebSite","@id":"https:\/\/urbooweyewear.com\/#website","url":"https:\/\/urbooweyewear.com\/","name":"Urboow Eyewear","description":"Urboow Eyewear - \u00d3culos de Sol","publisher":{"@id":"https:\/\/urbooweyewear.com\/#organization"},"alternateName":"Urboow Eyewear","potentialAction":[{"@type":"SearchAction","target":{"@type":"EntryPoint","urlTemplate":"https:\/\/urbooweyewear.com\/?s={search_term_string}"},"query-input":{"@type":"PropertyValueSpecification","valueRequired":true,"valueName":"search_term_string"}}],"inLanguage":"en-GB"},{"@type":"Organization","@id":"https:\/\/urbooweyewear.com\/#organization","name":"Urboow Eyewear","alternateName":"Urboow Eyewear","url":"https:\/\/urbooweyewear.com\/","logo":{"@type":"ImageObject","inLanguage":"en-GB","@id":"https:\/\/urbooweyewear.com\/#\/schema\/logo\/image\/","url":"https:\/\/urbooweyewear.com\/wp-content\/uploads\/2025\/04\/LOGOTIPO-FINAL-2025-PRETO.svg","contentUrl":"https:\/\/urbooweyewear.com\/wp-content\/uploads\/2025\/04\/LOGOTIPO-FINAL-2025-PRETO.svg","width":841,"height":595,"caption":"Urboow Eyewear"},"image":{"@id":"https:\/\/urbooweyewear.com\/#\/schema\/logo\/image\/"},"sameAs":["https:\/\/www.facebook.com\/Urboow.Eyewear\/","https:\/\/www.instagram.com\/urboow.eyewear\/"]}]}},"jetpack_sharing_enabled":true,"_links":{"self":[{"href":"https:\/\/urbooweyewear.com\/en\/wp-json\/wp\/v2\/product\/3464","targetHints":{"allow":["GET"]}}],"collection":[{"href":"https:\/\/urbooweyewear.com\/en\/wp-json\/wp\/v2\/product"}],"about":[{"href":"https:\/\/urbooweyewear.com\/en\/wp-json\/wp\/v2\/types\/product"}],"wp:featuredmedia":[{"embeddable":true,"href":"https:\/\/urbooweyewear.com\/en\/wp-json\/wp\/v2\/media\/2882"}],"wp:attachment":[{"href":"https:\/\/urbooweyewear.com\/en\/wp-json\/wp\/v2\/media?parent=3464"}],"wp:term":[{"taxonomy":"product_brand","embeddable":true,"href":"https:\/\/urbooweyewear.com\/en\/wp-json\/wp\/v2\/product_brand?post=3464"},{"taxonomy":"product_cat","embeddable":true,"href":"https:\/\/urbooweyewear.com\/en\/wp-json\/wp\/v2\/product_cat?post=3464"},{"taxonomy":"product_tag","embeddable":true,"href":"https:\/\/urbooweyewear.com\/en\/wp-json\/wp\/v2\/product_tag?post=3464"}],"curies":[{"name":"wp","href":"https:\/\/api.w.org\/{rel}","templated":true}]}}