{"id":3779,"date":"2026-03-13T17:47:34","date_gmt":"2026-03-13T16:47:34","guid":{"rendered":"https:\/\/urbooweyewear.com\/produto\/pop-art-flex-donald\/"},"modified":"2026-03-28T11:08:12","modified_gmt":"2026-03-28T10:08:12","slug":"pop-art-flex-donald","status":"publish","type":"product","link":"https:\/\/urbooweyewear.com\/en\/product\/pop-art-flex-donald\/","title":{"rendered":"Pop Art Flex &#8211; Donald"},"content":{"rendered":"","protected":false},"excerpt":{"rendered":"<p>Os \u00f3culos de leitura\u00a0 Pop Art Donald Red trazem uma energia gr\u00e1fica arrojada para o dia a dia. Com um design que apresenta uma est\u00e9tica Pop Art vermelha vibrante e detalhes expressivos, esta arma\u00e7\u00e3o unissex transforma os \u00f3culos de leitura em uma declara\u00e7\u00e3o de estilo marcante.<\/p>","protected":false},"featured_media":3758,"template":"","meta":{"_bst_post_transparent":"default","_bst_post_title":"","_bst_post_layout":"default","_bst_post_sidebar_id":"","_bst_post_content_style":"default","_bst_post_vertical_padding":"default","_bst_post_feature":"","_bst_post_feature_position":"","_bst_post_header":false,"_bst_post_footer":false},"product_brand":[],"product_cat":[171],"product_tag":[],"class_list":{"0":"post-3779","1":"product","2":"type-product","3":"status-publish","4":"has-post-thumbnail","6":"product_cat-leitura","8":"first","9":"instock","10":"shipping-taxable","11":"purchasable","12":"product-type-variable","13":"entry","14":"content-bg","15":"loop-entry"},"yoast_head":"<!-- This site is optimized with the Yoast SEO plugin v27.1.1 - https:\/\/yoast.com\/product\/yoast-seo-wordpress\/ -->\n<title>Pop Art Flex - Donald - Urboow Eyewear<\/title>\n<meta name=\"robots\" content=\"index, follow, max-snippet:-1, max-image-preview:large, max-video-preview:-1\" \/>\n<link rel=\"canonical\" href=\"https:\/\/urbooweyewear.com\/en\/product\/pop-art-flex-donald\/\" \/>\n<meta property=\"og:locale\" content=\"en_GB\" \/>\n<meta property=\"og:type\" content=\"article\" \/>\n<meta property=\"og:title\" content=\"Pop Art Flex - Donald - Urboow Eyewear\" \/>\n<meta property=\"og:description\" content=\"Os \u00f3culos de leitura\u00a0 Pop Art Donald Red trazem uma energia gr\u00e1fica arrojada para o dia a dia. Com um design que apresenta uma est\u00e9tica Pop Art vermelha vibrante e detalhes expressivos, esta arma\u00e7\u00e3o unissex transforma os \u00f3culos de leitura em uma declara\u00e7\u00e3o de estilo marcante.\" \/>\n<meta property=\"og:url\" content=\"https:\/\/urbooweyewear.com\/en\/product\/pop-art-flex-donald\/\" \/>\n<meta property=\"og:site_name\" content=\"Urboow Eyewear\" \/>\n<meta property=\"article:publisher\" content=\"https:\/\/www.facebook.com\/Urboow.Eyewear\/\" \/>\n<meta property=\"article:modified_time\" content=\"2026-03-28T10:08:12+00:00\" \/>\n<meta property=\"og:image\" content=\"https:\/\/urbooweyewear.com\/wp-content\/uploads\/2026\/03\/601.APT_.OL_.PAF_.DD-1.webp\" \/>\n\t<meta property=\"og:image:width\" content=\"1440\" \/>\n\t<meta property=\"og:image:height\" content=\"1800\" \/>\n\t<meta property=\"og:image:type\" content=\"image\/webp\" \/>\n<meta name=\"twitter:card\" content=\"summary_large_image\" \/>\n<meta name=\"twitter:label1\" content=\"Estimated reading time\" \/>\n\t<meta name=\"twitter:data1\" content=\"1 minute\" \/>\n<script type=\"application\/ld+json\" class=\"yoast-schema-graph\">{\"@context\":\"https:\/\/schema.org\",\"@graph\":[{\"@type\":\"WebPage\",\"@id\":\"https:\/\/urbooweyewear.com\/produto\/pop-art-flex-donald\/\",\"url\":\"https:\/\/urbooweyewear.com\/produto\/pop-art-flex-donald\/\",\"name\":\"Pop Art Flex - Donald - Urboow Eyewear\",\"isPartOf\":{\"@id\":\"https:\/\/urbooweyewear.com\/#website\"},\"primaryImageOfPage\":{\"@id\":\"https:\/\/urbooweyewear.com\/produto\/pop-art-flex-donald\/#primaryimage\"},\"image\":{\"@id\":\"https:\/\/urbooweyewear.com\/produto\/pop-art-flex-donald\/#primaryimage\"},\"thumbnailUrl\":\"https:\/\/urbooweyewear.com\/wp-content\/uploads\/2026\/03\/601.APT_.OL_.PAF_.DD-1.webp\",\"datePublished\":\"2026-03-13T16:47:34+00:00\",\"dateModified\":\"2026-03-28T10:08:12+00:00\",\"breadcrumb\":{\"@id\":\"https:\/\/urbooweyewear.com\/produto\/pop-art-flex-donald\/#breadcrumb\"},\"inLanguage\":\"en-GB\",\"potentialAction\":[{\"@type\":\"ReadAction\",\"target\":[\"https:\/\/urbooweyewear.com\/produto\/pop-art-flex-donald\/\"]}]},{\"@type\":\"ImageObject\",\"inLanguage\":\"en-GB\",\"@id\":\"https:\/\/urbooweyewear.com\/produto\/pop-art-flex-donald\/#primaryimage\",\"url\":\"https:\/\/urbooweyewear.com\/wp-content\/uploads\/2026\/03\/601.APT_.OL_.PAF_.DD-1.webp\",\"contentUrl\":\"https:\/\/urbooweyewear.com\/wp-content\/uploads\/2026\/03\/601.APT_.OL_.PAF_.DD-1.webp\",\"width\":1440,\"height\":1800},{\"@type\":\"BreadcrumbList\",\"@id\":\"https:\/\/urbooweyewear.com\/produto\/pop-art-flex-donald\/#breadcrumb\",\"itemListElement\":[{\"@type\":\"ListItem\",\"position\":1,\"name\":\"In\u00edcio\",\"item\":\"https:\/\/urbooweyewear.com\/\"},{\"@type\":\"ListItem\",\"position\":2,\"name\":\"Loja\",\"item\":\"https:\/\/urbooweyewear.com\/shop\/\"},{\"@type\":\"ListItem\",\"position\":3,\"name\":\"Pop Art Flex &#8211; Donald\"}]},{\"@type\":\"WebSite\",\"@id\":\"https:\/\/urbooweyewear.com\/#website\",\"url\":\"https:\/\/urbooweyewear.com\/\",\"name\":\"Urboow Eyewear\",\"description\":\"Urboow Eyewear - \u00d3culos de Sol\",\"publisher\":{\"@id\":\"https:\/\/urbooweyewear.com\/#organization\"},\"alternateName\":\"Urboow Eyewear\",\"potentialAction\":[{\"@type\":\"SearchAction\",\"target\":{\"@type\":\"EntryPoint\",\"urlTemplate\":\"https:\/\/urbooweyewear.com\/?s={search_term_string}\"},\"query-input\":{\"@type\":\"PropertyValueSpecification\",\"valueRequired\":true,\"valueName\":\"search_term_string\"}}],\"inLanguage\":\"en-GB\"},{\"@type\":\"Organization\",\"@id\":\"https:\/\/urbooweyewear.com\/#organization\",\"name\":\"Urboow Eyewear\",\"alternateName\":\"Urboow Eyewear\",\"url\":\"https:\/\/urbooweyewear.com\/\",\"logo\":{\"@type\":\"ImageObject\",\"inLanguage\":\"en-GB\",\"@id\":\"https:\/\/urbooweyewear.com\/#\/schema\/logo\/image\/\",\"url\":\"https:\/\/urbooweyewear.com\/wp-content\/uploads\/2025\/04\/LOGOTIPO-FINAL-2025-PRETO.svg\",\"contentUrl\":\"https:\/\/urbooweyewear.com\/wp-content\/uploads\/2025\/04\/LOGOTIPO-FINAL-2025-PRETO.svg\",\"width\":841,\"height\":595,\"caption\":\"Urboow Eyewear\"},\"image\":{\"@id\":\"https:\/\/urbooweyewear.com\/#\/schema\/logo\/image\/\"},\"sameAs\":[\"https:\/\/www.facebook.com\/Urboow.Eyewear\/\",\"https:\/\/www.instagram.com\/urboow.eyewear\/\"]}]}<\/script>\n<!-- \/ Yoast SEO plugin. -->","yoast_head_json":{"title":"Pop Art Flex - Donald - Urboow Eyewear","robots":{"index":"index","follow":"follow","max-snippet":"max-snippet:-1","max-image-preview":"max-image-preview:large","max-video-preview":"max-video-preview:-1"},"canonical":"https:\/\/urbooweyewear.com\/en\/product\/pop-art-flex-donald\/","og_locale":"en_GB","og_type":"article","og_title":"Pop Art Flex - Donald - Urboow Eyewear","og_description":"Os \u00f3culos de leitura\u00a0 Pop Art Donald Red trazem uma energia gr\u00e1fica arrojada para o dia a dia. Com um design que apresenta uma est\u00e9tica Pop Art vermelha vibrante e detalhes expressivos, esta arma\u00e7\u00e3o unissex transforma os \u00f3culos de leitura em uma declara\u00e7\u00e3o de estilo marcante.","og_url":"https:\/\/urbooweyewear.com\/en\/product\/pop-art-flex-donald\/","og_site_name":"Urboow Eyewear","article_publisher":"https:\/\/www.facebook.com\/Urboow.Eyewear\/","article_modified_time":"2026-03-28T10:08:12+00:00","og_image":[{"width":1440,"height":1800,"url":"https:\/\/urbooweyewear.com\/wp-content\/uploads\/2026\/03\/601.APT_.OL_.PAF_.DD-1.webp","type":"image\/webp"}],"twitter_card":"summary_large_image","twitter_misc":{"Estimated reading time":"1 minute"},"schema":{"@context":"https:\/\/schema.org","@graph":[{"@type":"WebPage","@id":"https:\/\/urbooweyewear.com\/produto\/pop-art-flex-donald\/","url":"https:\/\/urbooweyewear.com\/produto\/pop-art-flex-donald\/","name":"Pop Art Flex - Donald - Urboow Eyewear","isPartOf":{"@id":"https:\/\/urbooweyewear.com\/#website"},"primaryImageOfPage":{"@id":"https:\/\/urbooweyewear.com\/produto\/pop-art-flex-donald\/#primaryimage"},"image":{"@id":"https:\/\/urbooweyewear.com\/produto\/pop-art-flex-donald\/#primaryimage"},"thumbnailUrl":"https:\/\/urbooweyewear.com\/wp-content\/uploads\/2026\/03\/601.APT_.OL_.PAF_.DD-1.webp","datePublished":"2026-03-13T16:47:34+00:00","dateModified":"2026-03-28T10:08:12+00:00","breadcrumb":{"@id":"https:\/\/urbooweyewear.com\/produto\/pop-art-flex-donald\/#breadcrumb"},"inLanguage":"en-GB","potentialAction":[{"@type":"ReadAction","target":["https:\/\/urbooweyewear.com\/produto\/pop-art-flex-donald\/"]}]},{"@type":"ImageObject","inLanguage":"en-GB","@id":"https:\/\/urbooweyewear.com\/produto\/pop-art-flex-donald\/#primaryimage","url":"https:\/\/urbooweyewear.com\/wp-content\/uploads\/2026\/03\/601.APT_.OL_.PAF_.DD-1.webp","contentUrl":"https:\/\/urbooweyewear.com\/wp-content\/uploads\/2026\/03\/601.APT_.OL_.PAF_.DD-1.webp","width":1440,"height":1800},{"@type":"BreadcrumbList","@id":"https:\/\/urbooweyewear.com\/produto\/pop-art-flex-donald\/#breadcrumb","itemListElement":[{"@type":"ListItem","position":1,"name":"In\u00edcio","item":"https:\/\/urbooweyewear.com\/"},{"@type":"ListItem","position":2,"name":"Loja","item":"https:\/\/urbooweyewear.com\/shop\/"},{"@type":"ListItem","position":3,"name":"Pop Art Flex &#8211; Donald"}]},{"@type":"WebSite","@id":"https:\/\/urbooweyewear.com\/#website","url":"https:\/\/urbooweyewear.com\/","name":"Urboow Eyewear","description":"Urboow Eyewear - \u00d3culos de Sol","publisher":{"@id":"https:\/\/urbooweyewear.com\/#organization"},"alternateName":"Urboow Eyewear","potentialAction":[{"@type":"SearchAction","target":{"@type":"EntryPoint","urlTemplate":"https:\/\/urbooweyewear.com\/?s={search_term_string}"},"query-input":{"@type":"PropertyValueSpecification","valueRequired":true,"valueName":"search_term_string"}}],"inLanguage":"en-GB"},{"@type":"Organization","@id":"https:\/\/urbooweyewear.com\/#organization","name":"Urboow Eyewear","alternateName":"Urboow Eyewear","url":"https:\/\/urbooweyewear.com\/","logo":{"@type":"ImageObject","inLanguage":"en-GB","@id":"https:\/\/urbooweyewear.com\/#\/schema\/logo\/image\/","url":"https:\/\/urbooweyewear.com\/wp-content\/uploads\/2025\/04\/LOGOTIPO-FINAL-2025-PRETO.svg","contentUrl":"https:\/\/urbooweyewear.com\/wp-content\/uploads\/2025\/04\/LOGOTIPO-FINAL-2025-PRETO.svg","width":841,"height":595,"caption":"Urboow Eyewear"},"image":{"@id":"https:\/\/urbooweyewear.com\/#\/schema\/logo\/image\/"},"sameAs":["https:\/\/www.facebook.com\/Urboow.Eyewear\/","https:\/\/www.instagram.com\/urboow.eyewear\/"]}]}},"jetpack_sharing_enabled":true,"_links":{"self":[{"href":"https:\/\/urbooweyewear.com\/en\/wp-json\/wp\/v2\/product\/3779","targetHints":{"allow":["GET"]}}],"collection":[{"href":"https:\/\/urbooweyewear.com\/en\/wp-json\/wp\/v2\/product"}],"about":[{"href":"https:\/\/urbooweyewear.com\/en\/wp-json\/wp\/v2\/types\/product"}],"wp:featuredmedia":[{"embeddable":true,"href":"https:\/\/urbooweyewear.com\/en\/wp-json\/wp\/v2\/media\/3758"}],"wp:attachment":[{"href":"https:\/\/urbooweyewear.com\/en\/wp-json\/wp\/v2\/media?parent=3779"}],"wp:term":[{"taxonomy":"product_brand","embeddable":true,"href":"https:\/\/urbooweyewear.com\/en\/wp-json\/wp\/v2\/product_brand?post=3779"},{"taxonomy":"product_cat","embeddable":true,"href":"https:\/\/urbooweyewear.com\/en\/wp-json\/wp\/v2\/product_cat?post=3779"},{"taxonomy":"product_tag","embeddable":true,"href":"https:\/\/urbooweyewear.com\/en\/wp-json\/wp\/v2\/product_tag?post=3779"}],"curies":[{"name":"wp","href":"https:\/\/api.w.org\/{rel}","templated":true}]}}